{"id":4231,"date":"2022-01-17T14:44:30","date_gmt":"2022-01-17T13:44:30","guid":{"rendered":"https:\/\/www.mbconsulting.al\/lavora-con-noi\/"},"modified":"2022-01-17T14:49:53","modified_gmt":"2022-01-17T13:49:53","slug":"lavora-con-noi","status":"publish","type":"page","link":"https:\/\/www.mbconsulting.al\/it\/lavora-con-noi\/","title":{"rendered":"Lavora con noi"},"content":{"rendered":"\n<div class=\"wp-block-cover has-background-dim\"><img fetchpriority=\"high\" decoding=\"async\" width=\"1024\" height=\"311\" class=\"wp-block-cover__image-background wp-image-4107\" alt=\"\" src=\"https:\/\/www.mbconsulting.al\/wp-content\/uploads\/2022\/01\/LinkedIn-Cover-4-1024x311.jpg\" data-object-fit=\"cover\" srcset=\"https:\/\/www.mbconsulting.al\/wp-content\/uploads\/2022\/01\/LinkedIn-Cover-4-1024x311.jpg 1024w, https:\/\/www.mbconsulting.al\/wp-content\/uploads\/2022\/01\/LinkedIn-Cover-4-300x91.jpg 300w, https:\/\/www.mbconsulting.al\/wp-content\/uploads\/2022\/01\/LinkedIn-Cover-4-768x233.jpg 768w, https:\/\/www.mbconsulting.al\/wp-content\/uploads\/2022\/01\/LinkedIn-Cover-4-1536x466.jpg 1536w, https:\/\/www.mbconsulting.al\/wp-content\/uploads\/2022\/01\/LinkedIn-Cover-4-2048x622.jpg 2048w\" sizes=\"(max-width: 1024px) 100vw, 1024px\" \/><div class=\"wp-block-cover__inner-container is-layout-flow wp-block-cover-is-layout-flow\">\n<p class=\"has-large-font-size\">Benvenuti nella sezione lavora con noi di MB Consulting. Qui puoi visualizzare le nostre attuali opportunit\u00e0 di lavoro e candidarti per le posizioni<\/p>\n<\/div><\/div>\n\n\n\n<p>In MB Consulting, i nostri collaboratori sono il nostro pi\u00f9 grande asset. Siamo un people business e siamo sempre alla ricerca di persone motivate e di talento interessate a lavorare con noi: professionisti con competenze speciali che cercano una nuova sfida; neolaureati in cerca di un ambiente stimolante e amichevole per avviare la propria carriera; o studenti che desiderano acquisire esperienza in uno stage. Candidati per il lavoro dei tuoi sogni oggi:<\/p>\n\n\n\n<hr class=\"wp-block-separator\"\/>\n\n\n\n<div class=\"wp-block-columns is-layout-flex wp-container-core-columns-is-layout-9d6595d7 wp-block-columns-is-layout-flex\">\n<div class=\"wp-block-column is-layout-flow wp-block-column-is-layout-flow\" style=\"flex-basis:66.66%\">\n<h6 class=\"wp-block-heading\"><\/h6>\n\n\n\n<p>MB Consulting \u00e8 alla ricerca di Specialisti Amministrativo Contabili laureati in Contabilit\u00e0, Finanza, Amministrazione aziendale o Economia. La priorit\u00e0 \u00e8 data ai candidati che hanno almeno 1-2 anni di esperienza e che conoscono la lingua italiana o inglese. Invia il tuo CV all&#8217;indirizzo email <a href=\"mailto:hr@mbconsulting.al\">hr@mbconsulting.al<\/a>.<\/p>\n<\/div>\n\n\n\n<div class=\"wp-block-column is-layout-flow wp-block-column-is-layout-flow\" style=\"flex-basis:33.33%\">\n<div class=\"wp-block-cover has-background-dim\" style=\"background-color:#dee2e6;min-height:118px;aspect-ratio:unset;\"><div class=\"wp-block-cover__inner-container is-layout-flow wp-block-cover-is-layout-flow\">\n<div class=\"wp-block-buttons is-layout-flex wp-block-buttons-is-layout-flex\">\n<div class=\"wp-block-button has-custom-width wp-block-button__width-100 is-style-fill\"><a class=\"wp-block-button__link has-white-color has-text-color has-background\" href=\"https:\/\/www.mbconsulting.al\/accounting-specialist\/\" style=\"border-radius:1px;background-color:#1594d2\">PER SAPERNE DI PI\u00d9<\/a><\/div>\n<\/div>\n<\/div><\/div>\n<\/div>\n<\/div>\n\n\n\n<p><\/p>\n","protected":false},"excerpt":{"rendered":"","protected":false},"author":2,"featured_media":0,"parent":0,"menu_order":0,"comment_status":"closed","ping_status":"closed","template":"page-FullWidth.php","meta":{"_custom_body_class":"","_custom_post_class":"","_monsterinsights_skip_tracking":false,"_monsterinsights_sitenote_active":false,"_monsterinsights_sitenote_note":"","_monsterinsights_sitenote_category":0,"footnotes":""},"class_list":["post-4231","page","type-page","status-publish","hentry"],"yoast_head":"<!-- This site is optimized with the Yoast SEO plugin v27.1.1 - https:\/\/yoast.com\/product\/yoast-seo-wordpress\/ -->\n<title>Lavora con noi - MB Consulting Studio Commercialista in Albania<\/title>\n<meta name=\"description\" content=\"Benvenuti nella sezione lavora con noi di MB Consulting. Qui puoi visualizzare le nostre attuali opportunit\u00e0 di lavoro e candidarti per le posizioni In MB\" \/>\n<meta name=\"robots\" content=\"index, follow, max-snippet:-1, max-image-preview:large, max-video-preview:-1\" \/>\n<link rel=\"canonical\" href=\"https:\/\/www.mbconsulting.al\/it\/lavora-con-noi\/\" \/>\n<meta property=\"og:locale\" content=\"it_IT\" \/>\n<meta property=\"og:type\" content=\"article\" \/>\n<meta property=\"og:title\" content=\"Lavora con noi - MB Consulting Studio Commercialista in Albania\" \/>\n<meta property=\"og:description\" content=\"Benvenuti nella sezione lavora con noi di MB Consulting. Qui puoi visualizzare le nostre attuali opportunit\u00e0 di lavoro e candidarti per le posizioni In MB\" \/>\n<meta property=\"og:url\" content=\"https:\/\/www.mbconsulting.al\/it\/lavora-con-noi\/\" \/>\n<meta property=\"og:site_name\" content=\"MB Consulting Studio Commercialista in Albania\" \/>\n<meta property=\"article:modified_time\" content=\"2022-01-17T13:49:53+00:00\" \/>\n<meta property=\"og:image\" content=\"https:\/\/www.mbconsulting.al\/wp-content\/uploads\/2022\/01\/LinkedIn-Cover-4-1024x311.jpg\" \/>\n<meta name=\"twitter:label1\" content=\"Tempo di lettura stimato\" \/>\n\t<meta name=\"twitter:data1\" content=\"1 minuto\" \/>\n<script type=\"application\/ld+json\" class=\"yoast-schema-graph\">{\"@context\":\"https:\/\/schema.org\",\"@graph\":[{\"@type\":\"WebPage\",\"@id\":\"https:\/\/www.mbconsulting.al\/it\/lavora-con-noi\/\",\"url\":\"https:\/\/www.mbconsulting.al\/it\/lavora-con-noi\/\",\"name\":\"Lavora con noi - MB Consulting Studio Commercialista in Albania\",\"isPartOf\":{\"@id\":\"https:\/\/www.mbconsulting.al\/it\/#website\"},\"primaryImageOfPage\":{\"@id\":\"https:\/\/www.mbconsulting.al\/it\/lavora-con-noi\/#primaryimage\"},\"image\":{\"@id\":\"https:\/\/www.mbconsulting.al\/it\/lavora-con-noi\/#primaryimage\"},\"thumbnailUrl\":\"https:\/\/www.mbconsulting.al\/wp-content\/uploads\/2022\/01\/LinkedIn-Cover-4-1024x311.jpg\",\"datePublished\":\"2022-01-17T13:44:30+00:00\",\"dateModified\":\"2022-01-17T13:49:53+00:00\",\"description\":\"Benvenuti nella sezione lavora con noi di MB Consulting. Qui puoi visualizzare le nostre attuali opportunit\u00e0 di lavoro e candidarti per le posizioni In MB\",\"breadcrumb\":{\"@id\":\"https:\/\/www.mbconsulting.al\/it\/lavora-con-noi\/#breadcrumb\"},\"inLanguage\":\"it-IT\",\"potentialAction\":[{\"@type\":\"ReadAction\",\"target\":[\"https:\/\/www.mbconsulting.al\/it\/lavora-con-noi\/\"]}]},{\"@type\":\"ImageObject\",\"inLanguage\":\"it-IT\",\"@id\":\"https:\/\/www.mbconsulting.al\/it\/lavora-con-noi\/#primaryimage\",\"url\":\"https:\/\/www.mbconsulting.al\/wp-content\/uploads\/2022\/01\/LinkedIn-Cover-4-1024x311.jpg\",\"contentUrl\":\"https:\/\/www.mbconsulting.al\/wp-content\/uploads\/2022\/01\/LinkedIn-Cover-4-1024x311.jpg\"},{\"@type\":\"BreadcrumbList\",\"@id\":\"https:\/\/www.mbconsulting.al\/it\/lavora-con-noi\/#breadcrumb\",\"itemListElement\":[{\"@type\":\"ListItem\",\"position\":1,\"name\":\"Home\",\"item\":\"https:\/\/www.mbconsulting.al\/it\/\"},{\"@type\":\"ListItem\",\"position\":2,\"name\":\"Lavora con noi\"}]},{\"@type\":\"WebSite\",\"@id\":\"https:\/\/www.mbconsulting.al\/it\/#website\",\"url\":\"https:\/\/www.mbconsulting.al\/it\/\",\"name\":\"MB Consulting Studio Commercialista in Albania\",\"description\":\"Accounting firm Albania, accountants in Albania, company formation Albania, accountant Tirana, accounting Tirana, new company registration Albania, open new business Albania, tax Albania, property valuation Albania\",\"potentialAction\":[{\"@type\":\"SearchAction\",\"target\":{\"@type\":\"EntryPoint\",\"urlTemplate\":\"https:\/\/www.mbconsulting.al\/it\/?s={search_term_string}\"},\"query-input\":{\"@type\":\"PropertyValueSpecification\",\"valueRequired\":true,\"valueName\":\"search_term_string\"}}],\"inLanguage\":\"it-IT\"}]}<\/script>\n<!-- \/ Yoast SEO plugin. -->","yoast_head_json":{"title":"Lavora con noi - MB Consulting Studio Commercialista in Albania","description":"Benvenuti nella sezione lavora con noi di MB Consulting. Qui puoi visualizzare le nostre attuali opportunit\u00e0 di lavoro e candidarti per le posizioni In MB","robots":{"index":"index","follow":"follow","max-snippet":"max-snippet:-1","max-image-preview":"max-image-preview:large","max-video-preview":"max-video-preview:-1"},"canonical":"https:\/\/www.mbconsulting.al\/it\/lavora-con-noi\/","og_locale":"it_IT","og_type":"article","og_title":"Lavora con noi - MB Consulting Studio Commercialista in Albania","og_description":"Benvenuti nella sezione lavora con noi di MB Consulting. Qui puoi visualizzare le nostre attuali opportunit\u00e0 di lavoro e candidarti per le posizioni In MB","og_url":"https:\/\/www.mbconsulting.al\/it\/lavora-con-noi\/","og_site_name":"MB Consulting Studio Commercialista in Albania","article_modified_time":"2022-01-17T13:49:53+00:00","og_image":[{"url":"https:\/\/www.mbconsulting.al\/wp-content\/uploads\/2022\/01\/LinkedIn-Cover-4-1024x311.jpg","type":"","width":"","height":""}],"twitter_misc":{"Tempo di lettura stimato":"1 minuto"},"schema":{"@context":"https:\/\/schema.org","@graph":[{"@type":"WebPage","@id":"https:\/\/www.mbconsulting.al\/it\/lavora-con-noi\/","url":"https:\/\/www.mbconsulting.al\/it\/lavora-con-noi\/","name":"Lavora con noi - MB Consulting Studio Commercialista in Albania","isPartOf":{"@id":"https:\/\/www.mbconsulting.al\/it\/#website"},"primaryImageOfPage":{"@id":"https:\/\/www.mbconsulting.al\/it\/lavora-con-noi\/#primaryimage"},"image":{"@id":"https:\/\/www.mbconsulting.al\/it\/lavora-con-noi\/#primaryimage"},"thumbnailUrl":"https:\/\/www.mbconsulting.al\/wp-content\/uploads\/2022\/01\/LinkedIn-Cover-4-1024x311.jpg","datePublished":"2022-01-17T13:44:30+00:00","dateModified":"2022-01-17T13:49:53+00:00","description":"Benvenuti nella sezione lavora con noi di MB Consulting. Qui puoi visualizzare le nostre attuali opportunit\u00e0 di lavoro e candidarti per le posizioni In MB","breadcrumb":{"@id":"https:\/\/www.mbconsulting.al\/it\/lavora-con-noi\/#breadcrumb"},"inLanguage":"it-IT","potentialAction":[{"@type":"ReadAction","target":["https:\/\/www.mbconsulting.al\/it\/lavora-con-noi\/"]}]},{"@type":"ImageObject","inLanguage":"it-IT","@id":"https:\/\/www.mbconsulting.al\/it\/lavora-con-noi\/#primaryimage","url":"https:\/\/www.mbconsulting.al\/wp-content\/uploads\/2022\/01\/LinkedIn-Cover-4-1024x311.jpg","contentUrl":"https:\/\/www.mbconsulting.al\/wp-content\/uploads\/2022\/01\/LinkedIn-Cover-4-1024x311.jpg"},{"@type":"BreadcrumbList","@id":"https:\/\/www.mbconsulting.al\/it\/lavora-con-noi\/#breadcrumb","itemListElement":[{"@type":"ListItem","position":1,"name":"Home","item":"https:\/\/www.mbconsulting.al\/it\/"},{"@type":"ListItem","position":2,"name":"Lavora con noi"}]},{"@type":"WebSite","@id":"https:\/\/www.mbconsulting.al\/it\/#website","url":"https:\/\/www.mbconsulting.al\/it\/","name":"MB Consulting Studio Commercialista in Albania","description":"Accounting firm Albania, accountants in Albania, company formation Albania, accountant Tirana, accounting Tirana, new company registration Albania, open new business Albania, tax Albania, property valuation Albania","potentialAction":[{"@type":"SearchAction","target":{"@type":"EntryPoint","urlTemplate":"https:\/\/www.mbconsulting.al\/it\/?s={search_term_string}"},"query-input":{"@type":"PropertyValueSpecification","valueRequired":true,"valueName":"search_term_string"}}],"inLanguage":"it-IT"}]}},"_links":{"self":[{"href":"https:\/\/www.mbconsulting.al\/it\/wp-json\/wp\/v2\/pages\/4231","targetHints":{"allow":["GET"]}}],"collection":[{"href":"https:\/\/www.mbconsulting.al\/it\/wp-json\/wp\/v2\/pages"}],"about":[{"href":"https:\/\/www.mbconsulting.al\/it\/wp-json\/wp\/v2\/types\/page"}],"author":[{"embeddable":true,"href":"https:\/\/www.mbconsulting.al\/it\/wp-json\/wp\/v2\/users\/2"}],"replies":[{"embeddable":true,"href":"https:\/\/www.mbconsulting.al\/it\/wp-json\/wp\/v2\/comments?post=4231"}],"version-history":[{"count":5,"href":"https:\/\/www.mbconsulting.al\/it\/wp-json\/wp\/v2\/pages\/4231\/revisions"}],"predecessor-version":[{"id":4238,"href":"https:\/\/www.mbconsulting.al\/it\/wp-json\/wp\/v2\/pages\/4231\/revisions\/4238"}],"wp:attachment":[{"href":"https:\/\/www.mbconsulting.al\/it\/wp-json\/wp\/v2\/media?parent=4231"}],"curies":[{"name":"wp","href":"https:\/\/api.w.org\/{rel}","templated":true}]}}