{"id":2037,"date":"2014-09-20T21:25:57","date_gmt":"2014-09-20T19:25:57","guid":{"rendered":"https:\/\/www.mbconsulting.al\/?page_id=2037"},"modified":"2014-09-22T00:28:05","modified_gmt":"2014-09-21T22:28:05","slug":"servizio-registrazione-marchio","status":"publish","type":"page","link":"https:\/\/www.mbconsulting.al\/it\/servizi\/consulenza-legale\/servizio-registrazione-marchio\/","title":{"rendered":"Servizio di Registrazione del Marchio"},"content":{"rendered":"<div class=\"three_fourth\"> Lo Studio assiste le imprese e le attivit\u00e0 start-up con il servizio di registrazione del marchio in Albania. Registriamo il marchio in Albania per conto vostro, compreso il nome commerciale, il logo o lo slogan. I marchi in Albania possono essere registrati solo attraverso un agente del marchio locale autorizzato e registrato al ufficcio delle Patenti e dei Marchi in Albania oppure a livello internazionale attraverso una registrazione o una richiesta di estensione seguendo direttamente le norme dell&#8217;accordo di Madrid e il protocollo rispettivo. Il nostro servizio di registrazione del marchio \u00e8 composto da:<\/p>\n<ul>\n<li>Registrazione del marchio<\/li>\n<li>Rinnovo del marchio<\/li>\n<li>Estensione del marchio (Internazionalizzazione)<\/li>\n<\/ul>\n<h3><strong>Accordi internazionali<\/strong><\/h3>\n<p>L&#8217;Albania <span id=\"result_box\" class=\"long_text\" lang=\"it\"><span class=\"hps\">\u00e8<\/span><\/span> attualmente firmataria delle seguenti pertinenti convenzioni internazionali: \n<table class=\"custom-table\"  class=\"custom-table\" summary=\"Sample Table\">\n<tbody>\n<tr>\n<td>\n<ul>\n<li>Convenzione di Parigi<\/li>\n<li>Convenzione di Berna<\/li>\n<li>Protocollo di Madrid<\/li>\n<li>Accordo di Nizza<\/li>\n<li>Trattato di Cooperazione in Materia di Brevetti<\/li>\n<li>Trattato sul Diritto dei Brevetti<\/li>\n<\/ul>\n<\/td>\n<td>\n<ul>\n<li>Trattato di Budapest<\/li>\n<li>Convenzione WIPO<\/li>\n<li>Trattato WIPO per i diritti d\u2019autore<\/li>\n<li>Trattato OMPI sulle interpretazioni ed esecuzioni e sui fonogrammi<\/li>\n<li>Convenzione UPOV<\/li>\n<li>L&#8217;Atto di Ginevra (1999), dell&#8217;accordo dell&#8217;Aia<\/li>\n<\/ul>\n<\/td>\n<\/tr>\n<\/tbody>\n<\/table>\n\n<h3><strong>Il diritto di priorit\u00e0 sulla registrazione del marchio in Albania<\/strong><\/h3>\n<p>Il richiedente pu\u00f2 godere del diritto di priorit\u00e0 sulla registrazione del marchio in Albania se lui \/ lei ha presentato una domanda di registrazione del marchio per gli stessi prodotti oppure per dei servizi che fanno parte della convenzione di Parigi o di uno Stato membro dell&#8217;OMC, entro sei mesi dal deposito della richiesta di registrazione del marchio in Albania.<\/p>\n<h3><strong>Prima di depositare la richiesta si deve tenere in considerazione se:<\/strong><\/h3>\n<ul>\n<li>Il marchio \u00e8 un criterio distintivo (Carattere distintivo: Il marchio indica chiaramente beni e servizi del\u2019azienda che si distinguono da quelli di altri operatori)<\/li>\n<li>Il marchio mostra il carattere distintivo di beni e servizi del richiedente<\/li>\n<li>Il marchio \u00e8 un termine ben noto in quella linea di attivitt\u00e0 nella quale si opera<\/li>\n<li>Il marchio \u00e8 uguale o simile a dei marchi altrui<\/li>\n<\/ul>\n<h3><strong>Documenti richiesti<\/strong><\/h3>\n<ul>\n<li>Nome e indirizzo del richiedente<\/li>\n<li>Copia recente del Certificato di Iscrizione al Registro Imprese (presso la Camera di Commercio), se il richiedente \u00e8 una societ\u00e0<\/li>\n<li>Copia dei documenti di identificazione del richiedente, se il richiedente \u00e8 una persona fisica<\/li>\n<li>Chiara immagine del marchio, tra cui 8 campioni e le specifiche con i dettagli<\/li>\n<li>Elenco dei beni o servizi in base al Accordo di Nizza<\/li>\n<li>Data di priorit\u00e0, paese e numero, se disponibile<\/li>\n<li>Procura firmata e sigillata dal richiedente<\/li>\n<li>Prova del pagamento della tassa di registrazione<\/li>\n<\/ul>\n<h3><strong>Il processo di registrazione del marchio<\/strong><\/h3>\n<ul>\n<li>Ricerca del marchio<\/li>\n<li>Applicazione iniziale<\/li>\n<li>Esame formale<\/li>\n<li>Pubblicazione<\/li>\n<li>Opposizione<\/li>\n<li>Esame sostanziale\/materiale<\/li>\n<li>Emissione del Certificato<\/li>\n<li>Pubblicazione del marchio<\/li>\n<\/ul>\n<h3><strong>Ricerca preliminare del marchio<\/strong><\/h3>\n<p>La ricerca preliminare del marchio \u00e8 necessaria, quando \u00e8 possibile, per evitare complicazioni legali in futuro. Il perch\u00e8 della ricerca preliminare \u00e8 per garantire che il marchio non \u00e8 gi\u00e0 in uso o registrato da un&#8217;altra entit\u00e0, in modo che si possa ridurre le possibilit\u00e0 di rifiuto o di opposizione da un altra entit\u00e0.<\/p>\n<h3><strong>Tempo richiesto<\/strong><\/h3>\n<p>Approssimativamente dai 8 ai 11 mesi.<\/p>\n<h3><strong>Periodo di validit\u00e0 e rinnovo pertinente alla scadenza<\/strong><\/h3>\n<p>La registrazione del marchio \u00e8 valida per 10 anni ed \u00e8 rinnovabile all&#8217;infinito ogni 10 anni. La domanda di rinnovo deve essere presentata entro sei mesi dalla data della scadenza. <\/div> <div class=\"one_fourth last_column\"> <a style=\"display: block;\"><img decoding=\"async\" class=\"alignleft size-full wp-image-1566\" src=\"https:\/\/www.mbconsulting.al\/wp-content\/uploads\/2014\/04\/RegOffice.jpg\" alt=\"Registered Address Services Albania\" width=\"196\" height=\"196\" srcset=\"https:\/\/www.mbconsulting.al\/wp-content\/uploads\/2014\/04\/RegOffice.jpg 230w, https:\/\/www.mbconsulting.al\/wp-content\/uploads\/2014\/04\/RegOffice-150x150.jpg 150w\" sizes=\"(max-width: 196px) 100vw, 196px\" \/><\/a> <strong>RELATED SERVICES<\/strong> \n<ul class=\"list-10\">\n<li><a title=\"Costituzione di Societ\u00e0 in Albania\" href=\"https:\/\/www.mbconsulting.al\/it\/servizi\/consulenza-legale\/costituzione-di-societa-in-albania\/\">Servizi costituzione di societ\u00e0<\/a><\/li>\n<li><a title=\"Servizi di domiciliazione in Albania\" href=\"https:\/\/www.mbconsulting.al\/it\/servizi\/consulenza-legale\/servizi-di-domiciliazione-albania\/\">Servizi di domiciliazione<\/a><\/li>\n<li><a title=\"Servizi di immigrazione in Albania\" href=\"https:\/\/www.mbconsulting.al\/it\/servizi\/consulenza-legale\/servizi-immigrazione\/\">Servizi immigrazione<\/a><\/li>\n<li><a title=\"Servizi licenze e autorizzazioni commerciali in Albania\" href=\"https:\/\/www.mbconsulting.al\/it\/servizi\/consulenza-legale\/servizi-licenze-autorizzazioni-commerciali\/\">Servizi licenze commerciali<\/a><\/li>\n<li><a title=\"Servizi di liquidazione della societ\u00e0 in Albania\" href=\"https:\/\/www.mbconsulting.al\/it\/servizi\/consulenza-legale\/servizi-di-liquidazione-della-societa\/\">Servizi di liquidazione della societ\u00e0<\/a><\/li>\n<\/ul>\n <\/div>\n","protected":false},"excerpt":{"rendered":"","protected":false},"author":2,"featured_media":0,"parent":1979,"menu_order":0,"comment_status":"closed","ping_status":"closed","template":"page-PageTemplate4.php","meta":{"_custom_body_class":"","_custom_post_class":"","_monsterinsights_skip_tracking":false,"_monsterinsights_sitenote_active":false,"_monsterinsights_sitenote_note":"","_monsterinsights_sitenote_category":0,"footnotes":""},"class_list":["post-2037","page","type-page","status-publish","hentry"],"yoast_head":"<!-- This site is optimized with the Yoast SEO plugin v27.1.1 - https:\/\/yoast.com\/product\/yoast-seo-wordpress\/ -->\n<title>Servizio di registrazione del marchio in Albania - MB Consulting Albania<\/title>\n<meta name=\"description\" content=\"Servizi di registrazione del marchio in Albania. Il nostro Studio fornisce i servizi di prima registrazione del marchio in Albania, il rinnovo del marchio e l&#039;assegnazione del marchio.\" \/>\n<meta name=\"robots\" content=\"index, follow, max-snippet:-1, max-image-preview:large, max-video-preview:-1\" \/>\n<link rel=\"canonical\" href=\"https:\/\/www.mbconsulting.al\/it\/servizi\/consulenza-legale\/servizio-registrazione-marchio\/\" \/>\n<meta property=\"og:locale\" content=\"it_IT\" \/>\n<meta property=\"og:type\" content=\"article\" \/>\n<meta property=\"og:title\" content=\"Servizio di registrazione del marchio in Albania - MB Consulting Albania\" \/>\n<meta property=\"og:description\" content=\"Servizi di registrazione del marchio in Albania. Il nostro Studio fornisce i servizi di prima registrazione del marchio in Albania, il rinnovo del marchio e l&#039;assegnazione del marchio.\" \/>\n<meta property=\"og:url\" content=\"https:\/\/www.mbconsulting.al\/it\/servizi\/consulenza-legale\/servizio-registrazione-marchio\/\" \/>\n<meta property=\"og:site_name\" content=\"MB Consulting Studio Commercialista in Albania\" \/>\n<meta property=\"article:modified_time\" content=\"2014-09-21T22:28:05+00:00\" \/>\n<meta property=\"og:image\" content=\"https:\/\/www.mbconsulting.al\/wp-content\/uploads\/2014\/04\/RegOffice.jpg\" \/>\n<meta name=\"twitter:label1\" content=\"Tempo di lettura stimato\" \/>\n\t<meta name=\"twitter:data1\" content=\"3 minuti\" \/>\n<script type=\"application\/ld+json\" class=\"yoast-schema-graph\">{\"@context\":\"https:\/\/schema.org\",\"@graph\":[{\"@type\":\"WebPage\",\"@id\":\"https:\/\/www.mbconsulting.al\/it\/servizi\/consulenza-legale\/servizio-registrazione-marchio\/\",\"url\":\"https:\/\/www.mbconsulting.al\/it\/servizi\/consulenza-legale\/servizio-registrazione-marchio\/\",\"name\":\"Servizio di registrazione del marchio in Albania - MB Consulting Albania\",\"isPartOf\":{\"@id\":\"https:\/\/www.mbconsulting.al\/it\/#website\"},\"primaryImageOfPage\":{\"@id\":\"https:\/\/www.mbconsulting.al\/it\/servizi\/consulenza-legale\/servizio-registrazione-marchio\/#primaryimage\"},\"image\":{\"@id\":\"https:\/\/www.mbconsulting.al\/it\/servizi\/consulenza-legale\/servizio-registrazione-marchio\/#primaryimage\"},\"thumbnailUrl\":\"https:\/\/www.mbconsulting.al\/wp-content\/uploads\/2014\/04\/RegOffice.jpg\",\"datePublished\":\"2014-09-20T19:25:57+00:00\",\"dateModified\":\"2014-09-21T22:28:05+00:00\",\"description\":\"Servizi di registrazione del marchio in Albania. Il nostro Studio fornisce i servizi di prima registrazione del marchio in Albania, il rinnovo del marchio e l'assegnazione del marchio.\",\"breadcrumb\":{\"@id\":\"https:\/\/www.mbconsulting.al\/it\/servizi\/consulenza-legale\/servizio-registrazione-marchio\/#breadcrumb\"},\"inLanguage\":\"it-IT\",\"potentialAction\":[{\"@type\":\"ReadAction\",\"target\":[\"https:\/\/www.mbconsulting.al\/it\/servizi\/consulenza-legale\/servizio-registrazione-marchio\/\"]}]},{\"@type\":\"ImageObject\",\"inLanguage\":\"it-IT\",\"@id\":\"https:\/\/www.mbconsulting.al\/it\/servizi\/consulenza-legale\/servizio-registrazione-marchio\/#primaryimage\",\"url\":\"https:\/\/www.mbconsulting.al\/wp-content\/uploads\/2014\/04\/RegOffice.jpg\",\"contentUrl\":\"https:\/\/www.mbconsulting.al\/wp-content\/uploads\/2014\/04\/RegOffice.jpg\"},{\"@type\":\"BreadcrumbList\",\"@id\":\"https:\/\/www.mbconsulting.al\/it\/servizi\/consulenza-legale\/servizio-registrazione-marchio\/#breadcrumb\",\"itemListElement\":[{\"@type\":\"ListItem\",\"position\":1,\"name\":\"Home\",\"item\":\"https:\/\/www.mbconsulting.al\/it\/\"},{\"@type\":\"ListItem\",\"position\":2,\"name\":\"Servizi\",\"item\":\"https:\/\/www.mbconsulting.al\/it\/servizi\/\"},{\"@type\":\"ListItem\",\"position\":3,\"name\":\"Consulenza legale\",\"item\":\"https:\/\/www.mbconsulting.al\/it\/servizi\/consulenza-legale\/\"},{\"@type\":\"ListItem\",\"position\":4,\"name\":\"Servizio di Registrazione del Marchio\"}]},{\"@type\":\"WebSite\",\"@id\":\"https:\/\/www.mbconsulting.al\/it\/#website\",\"url\":\"https:\/\/www.mbconsulting.al\/it\/\",\"name\":\"MB Consulting Studio Commercialista in Albania\",\"description\":\"Accounting firm Albania, accountants in Albania, company formation Albania, accountant Tirana, accounting Tirana, new company registration Albania, open new business Albania, tax Albania, property valuation Albania\",\"potentialAction\":[{\"@type\":\"SearchAction\",\"target\":{\"@type\":\"EntryPoint\",\"urlTemplate\":\"https:\/\/www.mbconsulting.al\/it\/?s={search_term_string}\"},\"query-input\":{\"@type\":\"PropertyValueSpecification\",\"valueRequired\":true,\"valueName\":\"search_term_string\"}}],\"inLanguage\":\"it-IT\"}]}<\/script>\n<!-- \/ Yoast SEO plugin. -->","yoast_head_json":{"title":"Servizio di registrazione del marchio in Albania - MB Consulting Albania","description":"Servizi di registrazione del marchio in Albania. Il nostro Studio fornisce i servizi di prima registrazione del marchio in Albania, il rinnovo del marchio e l'assegnazione del marchio.","robots":{"index":"index","follow":"follow","max-snippet":"max-snippet:-1","max-image-preview":"max-image-preview:large","max-video-preview":"max-video-preview:-1"},"canonical":"https:\/\/www.mbconsulting.al\/it\/servizi\/consulenza-legale\/servizio-registrazione-marchio\/","og_locale":"it_IT","og_type":"article","og_title":"Servizio di registrazione del marchio in Albania - MB Consulting Albania","og_description":"Servizi di registrazione del marchio in Albania. Il nostro Studio fornisce i servizi di prima registrazione del marchio in Albania, il rinnovo del marchio e l'assegnazione del marchio.","og_url":"https:\/\/www.mbconsulting.al\/it\/servizi\/consulenza-legale\/servizio-registrazione-marchio\/","og_site_name":"MB Consulting Studio Commercialista in Albania","article_modified_time":"2014-09-21T22:28:05+00:00","og_image":[{"url":"https:\/\/www.mbconsulting.al\/wp-content\/uploads\/2014\/04\/RegOffice.jpg","type":"","width":"","height":""}],"twitter_misc":{"Tempo di lettura stimato":"3 minuti"},"schema":{"@context":"https:\/\/schema.org","@graph":[{"@type":"WebPage","@id":"https:\/\/www.mbconsulting.al\/it\/servizi\/consulenza-legale\/servizio-registrazione-marchio\/","url":"https:\/\/www.mbconsulting.al\/it\/servizi\/consulenza-legale\/servizio-registrazione-marchio\/","name":"Servizio di registrazione del marchio in Albania - MB Consulting Albania","isPartOf":{"@id":"https:\/\/www.mbconsulting.al\/it\/#website"},"primaryImageOfPage":{"@id":"https:\/\/www.mbconsulting.al\/it\/servizi\/consulenza-legale\/servizio-registrazione-marchio\/#primaryimage"},"image":{"@id":"https:\/\/www.mbconsulting.al\/it\/servizi\/consulenza-legale\/servizio-registrazione-marchio\/#primaryimage"},"thumbnailUrl":"https:\/\/www.mbconsulting.al\/wp-content\/uploads\/2014\/04\/RegOffice.jpg","datePublished":"2014-09-20T19:25:57+00:00","dateModified":"2014-09-21T22:28:05+00:00","description":"Servizi di registrazione del marchio in Albania. Il nostro Studio fornisce i servizi di prima registrazione del marchio in Albania, il rinnovo del marchio e l'assegnazione del marchio.","breadcrumb":{"@id":"https:\/\/www.mbconsulting.al\/it\/servizi\/consulenza-legale\/servizio-registrazione-marchio\/#breadcrumb"},"inLanguage":"it-IT","potentialAction":[{"@type":"ReadAction","target":["https:\/\/www.mbconsulting.al\/it\/servizi\/consulenza-legale\/servizio-registrazione-marchio\/"]}]},{"@type":"ImageObject","inLanguage":"it-IT","@id":"https:\/\/www.mbconsulting.al\/it\/servizi\/consulenza-legale\/servizio-registrazione-marchio\/#primaryimage","url":"https:\/\/www.mbconsulting.al\/wp-content\/uploads\/2014\/04\/RegOffice.jpg","contentUrl":"https:\/\/www.mbconsulting.al\/wp-content\/uploads\/2014\/04\/RegOffice.jpg"},{"@type":"BreadcrumbList","@id":"https:\/\/www.mbconsulting.al\/it\/servizi\/consulenza-legale\/servizio-registrazione-marchio\/#breadcrumb","itemListElement":[{"@type":"ListItem","position":1,"name":"Home","item":"https:\/\/www.mbconsulting.al\/it\/"},{"@type":"ListItem","position":2,"name":"Servizi","item":"https:\/\/www.mbconsulting.al\/it\/servizi\/"},{"@type":"ListItem","position":3,"name":"Consulenza legale","item":"https:\/\/www.mbconsulting.al\/it\/servizi\/consulenza-legale\/"},{"@type":"ListItem","position":4,"name":"Servizio di Registrazione del Marchio"}]},{"@type":"WebSite","@id":"https:\/\/www.mbconsulting.al\/it\/#website","url":"https:\/\/www.mbconsulting.al\/it\/","name":"MB Consulting Studio Commercialista in Albania","description":"Accounting firm Albania, accountants in Albania, company formation Albania, accountant Tirana, accounting Tirana, new company registration Albania, open new business Albania, tax Albania, property valuation Albania","potentialAction":[{"@type":"SearchAction","target":{"@type":"EntryPoint","urlTemplate":"https:\/\/www.mbconsulting.al\/it\/?s={search_term_string}"},"query-input":{"@type":"PropertyValueSpecification","valueRequired":true,"valueName":"search_term_string"}}],"inLanguage":"it-IT"}]}},"_links":{"self":[{"href":"https:\/\/www.mbconsulting.al\/it\/wp-json\/wp\/v2\/pages\/2037","targetHints":{"allow":["GET"]}}],"collection":[{"href":"https:\/\/www.mbconsulting.al\/it\/wp-json\/wp\/v2\/pages"}],"about":[{"href":"https:\/\/www.mbconsulting.al\/it\/wp-json\/wp\/v2\/types\/page"}],"author":[{"embeddable":true,"href":"https:\/\/www.mbconsulting.al\/it\/wp-json\/wp\/v2\/users\/2"}],"replies":[{"embeddable":true,"href":"https:\/\/www.mbconsulting.al\/it\/wp-json\/wp\/v2\/comments?post=2037"}],"version-history":[{"count":0,"href":"https:\/\/www.mbconsulting.al\/it\/wp-json\/wp\/v2\/pages\/2037\/revisions"}],"up":[{"embeddable":true,"href":"https:\/\/www.mbconsulting.al\/it\/wp-json\/wp\/v2\/pages\/1979"}],"wp:attachment":[{"href":"https:\/\/www.mbconsulting.al\/it\/wp-json\/wp\/v2\/media?parent=2037"}],"curies":[{"name":"wp","href":"https:\/\/api.w.org\/{rel}","templated":true}]}}