{"id":2017,"date":"2014-09-20T00:52:16","date_gmt":"2014-09-19T22:52:16","guid":{"rendered":"https:\/\/www.mbconsulting.al\/?page_id=2017"},"modified":"2014-09-22T00:21:19","modified_gmt":"2014-09-21T22:21:19","slug":"servizi-immigrazione","status":"publish","type":"page","link":"https:\/\/www.mbconsulting.al\/it\/servizi\/consulenza-legale\/servizi-immigrazione\/","title":{"rendered":"Servizi di Immigrazione"},"content":{"rendered":"<div class=\"three_fourth\">Lo studio di commercialisti MB Consulting in Albania offre una gamma completa di servizi per l&#8217;immigrazione a dei privati \u200b\u200be dei imprenditori stranieri, che desiderano visitare, vivere e lavorare in Albania. Aiutiamo gli imprenditori stranieri e gli dipendenti delle societ\u00e0 straniere con visti di lavoro, permessi di lavoro e richieste per il permesso di soggiorno, le procedure in corso ed i rinnovi. Siamo esperti nei processi di immigrazione in Albania con una percentuale di successo molto elevata.<\/p>\n<p>Gli imprenditori stranieri possono controllare e gestire una societ\u00e0 albanese, senza trasferirsi in Albania e sono liberi di visitare l&#8217;Albania e prendersi cura di tutte le questioni aziendali quando sar\u00e0 necessario. Gli amministratori stranieri sono considerati dipendenti nella societ\u00e0 albanese, e inoltre dovreste pianificare una visita in Albania dopo che la registrazione della societ\u00e0 vada a buon fine per aprire i conti correnti bancari aziendali. Un&#8217;altra opzione \u00e8 quella di assumere un amministratore residente nel paese oppure tenere in considerazione il nostro servizio di nominare un amministratore residente nel paese.<\/p>\n<p>Il Parlamento albanese ha approvato la legge \u201cPer gli stranieri&#8221; il 28 marzo 2013, che regola l&#8217;ingresso, il soggiorno e l&#8217;occupazione degli stranieri nel territorio della Repubblica del\u2019 Albania, ed \u00e8 stato adeguato con la legislazione del\u2019 UE e le migliori pratiche.<\/p>\n<h3><strong>Entrare in Albania<\/strong><\/h3>\n<p>L&#8217;Albania \u00e8 un paese amichevole per gli imprenditori e relativamente facile da visitare. Anche se i cittadini stranieri in genere dovrebbero munirsi di un visto prima di visitare l&#8217;Albania, i visitatori provenienti da oltre 79 paesi godono del <a title=\"Visa Free Entry into Albania\" href=\"http:\/\/www.punetejashtme.gov.al\/files\/userfiles\/Who_can_enter_Albania_without_a_Visa-word.pdf\">ingresso libero senza visto<\/a> iin Albania. Di solito la permanenza viene limitata a un massimo di 90 giorni in 180 giorni.<\/p>\n<p>I cittadini statunitensi possono vivere in Albania fino ad un anno senza un permesso di soggiorno. Inoltre, i cittadini che sono titolari di un visto valido Schengen \/ US \/ UK con ingressi multipli gi\u00e0 utilizzato, o permesso di soggiorno negli paesi sopraindicati, possono entrare in Albania e rimanere per un massimo di 90 giorni su un periodo di 180 giorni.<\/p>\n<p>I visitatori che non vengono qualificati come idonei per l&#8217;ingresso senza visto in Albania devono ottenere un visto dalla una delle sedi diplomatiche albanesi.<\/p>\n<h3><strong>Permesso di Lavoro<\/strong><\/h3>\n<p>Gli stranieri che intendono lavorare in Albania e gli amministratori di societ\u00e0 registrate in Albania (ditte individuali, SRL, filiali e soccieta controllate) devono ottenere un permesso di lavoro per poter lavorare legalmente in Albania. Gli stranieri devono richiedere un permesso di lavoro o un certificato di registrazione di lavoro.<\/p>\n<p>I cittadini degli Stati Uniti, la zona Schengen e dell&#8217;UE sono un eccezione dall&#8217;obbligo di richiedere un permesso di lavoro o di un certificato di registrazione di lavoro e saranno muniti di un certificato di esenzione dal ufficcio competente del Ministero del Lavoro e delle Questioni Sociali.<\/p>\n<h3><strong>Permesso di Soggiorno<\/strong><\/h3>\n<p>Se avete intenzione di trasferirvi in Albania per essere attivi nelle vostre operazioni aziendali, \u00e8 necessario fare una domanda per un permesso di soggiorno. Da notare \u00e8 che l&#8217;approvazione di un permesso di soggiorno \u00e8 soggetta alla revisione e alla approvazione da parte delle autorit\u00e0 governative. Ogni richiesta viene presa in considerazione in base ai propri valori.<\/p>\n<p>Gli individi che hanno intenzione di rimanere in Albania per pi\u00f9 di 90 giorni in un periodo di 180 giorni e che hanno l\u2019intenzione di fare una domanda per un permesso di soggiorno devono richiedere il visto di tipo D.<\/p>\n<p>Il cittadino straniero deve presentarsi di persona presso l&#8217;ufficio competente della Direzione Regionale di Frontiera e di Immigrazione per dichiarare il luogo di residenza e presentare una domanda per un permesso di soggiorno oppure per il suo rinnovo.<\/p>\n<p>Lo studio di commercialisti MB Consulting in Albania ha un team qualificato di professionisti per assistere alle vostre esigenze in materia di immigrazione, nonch\u00e9 con la <a title=\"Albania Company Formation\" href=\"https:\/\/www.mbconsulting.al\/services\/legal\/albania-company-formation\/\">costituzione della societ<span id=\"result_box\" class=\"\" lang=\"it\"><span class=\"hps\">\u00e0<\/span><\/span> in Albania<\/a>, consulenza fiscale, contabilit\u00e0 e consulenza legale.\u00a0Per ulteriori informazioni, siete pregati di <a title=\"Contatti\" href=\"https:\/\/www.mbconsulting.al\/it\/contatti\/\">Contattarci<\/a> oppure potete inviarci un&#8217;e-mail al indirizzo info@mbconsulting.al. Uno dei nostri consulenti la contattera il pi\u00f9 presto possibile. <\/div> <div class=\"one_fourth last_column\"> <a style=\"display: block; padding-bottom: 12px;\"><img decoding=\"async\" class=\"alignleft size-full wp-image-1566\" src=\"https:\/\/www.mbconsulting.al\/wp-content\/uploads\/2014\/04\/RegOffice.jpg\" alt=\"Registered Address Services Albania\" width=\"196\" height=\"196\" srcset=\"https:\/\/www.mbconsulting.al\/wp-content\/uploads\/2014\/04\/RegOffice.jpg 230w, https:\/\/www.mbconsulting.al\/wp-content\/uploads\/2014\/04\/RegOffice-150x150.jpg 150w\" sizes=\"(max-width: 196px) 100vw, 196px\" \/><\/a> <strong>RELATED SERVICES<\/strong> \n<ul class=\"list-10\">\n<li><a title=\"Costituzione di Societ\u00e0 in Albania\" href=\"https:\/\/www.mbconsulting.al\/it\/servizi\/consulenza-legale\/costituzione-di-societa-in-albania\/\">Servizi costituzione di societ\u00e0<\/a><\/li>\n<li><a title=\"Servizi di domiciliazione in Albania\" href=\"https:\/\/www.mbconsulting.al\/it\/servizi\/consulenza-legale\/servizi-di-domiciliazione-albania\/\">Servizi di domiciliazione<\/a><\/li>\n<li><a title=\"Servizi licenze e autorizzazioni commerciali in Albania\" href=\"https:\/\/www.mbconsulting.al\/it\/servizi\/consulenza-legale\/servizi-licenze-autorizzazioni-commerciali\/\">Servizi licenze commerciali<\/a><\/li>\n<li><a title=\"Servizio di Registrazione del Marchio in Albania\" href=\"https:\/\/www.mbconsulting.al\/it\/servizi\/consulenza-legale\/servizio-registrazione-marchio\/\">Registratione del marchio<\/a><\/li>\n<li><a title=\"Servizi di liquidazione della societ\u00e0 in Albania\" href=\"https:\/\/www.mbconsulting.al\/it\/servizi\/consulenza-legale\/servizi-di-liquidazione-della-societa\/\">Servizi di liquidazione della societ\u00e0<\/a><\/li>\n<\/ul>\n <\/div>\n","protected":false},"excerpt":{"rendered":"","protected":false},"author":2,"featured_media":0,"parent":1979,"menu_order":0,"comment_status":"closed","ping_status":"closed","template":"page-PageTemplate4.php","meta":{"_custom_body_class":"","_custom_post_class":"","_monsterinsights_skip_tracking":false,"_monsterinsights_sitenote_active":false,"_monsterinsights_sitenote_note":"","_monsterinsights_sitenote_category":0,"footnotes":""},"class_list":["post-2017","page","type-page","status-publish","hentry"],"yoast_head":"<!-- This site is optimized with the Yoast SEO plugin v27.1.1 - https:\/\/yoast.com\/product\/yoast-seo-wordpress\/ -->\n<title>Servizi di Immigrazione Albania, Permesso di Lavoro Albania, Permesso di Soggornio in Albania<\/title>\n<meta name=\"description\" content=\"MB Consulting Albania offre una gamma di servizi di immigrazione per imprenditori e dipendenti stranieri con visti, permessi di lavoro e permessi di soggiorno in Albania\" \/>\n<meta name=\"robots\" content=\"index, follow, max-snippet:-1, max-image-preview:large, max-video-preview:-1\" \/>\n<link rel=\"canonical\" href=\"https:\/\/www.mbconsulting.al\/it\/servizi\/consulenza-legale\/servizi-immigrazione\/\" \/>\n<meta property=\"og:locale\" content=\"it_IT\" \/>\n<meta property=\"og:type\" content=\"article\" \/>\n<meta property=\"og:title\" content=\"Servizi di Immigrazione Albania, Permesso di Lavoro Albania, Permesso di Soggornio in Albania\" \/>\n<meta property=\"og:description\" content=\"MB Consulting Albania offre una gamma di servizi di immigrazione per imprenditori e dipendenti stranieri con visti, permessi di lavoro e permessi di soggiorno in Albania\" \/>\n<meta property=\"og:url\" content=\"https:\/\/www.mbconsulting.al\/it\/servizi\/consulenza-legale\/servizi-immigrazione\/\" \/>\n<meta property=\"og:site_name\" content=\"MB Consulting Studio Commercialista in Albania\" \/>\n<meta property=\"article:modified_time\" content=\"2014-09-21T22:21:19+00:00\" \/>\n<meta property=\"og:image\" content=\"https:\/\/www.mbconsulting.al\/wp-content\/uploads\/2014\/04\/RegOffice.jpg\" \/>\n<meta name=\"twitter:label1\" content=\"Tempo di lettura stimato\" \/>\n\t<meta name=\"twitter:data1\" content=\"3 minuti\" \/>\n<script type=\"application\/ld+json\" class=\"yoast-schema-graph\">{\"@context\":\"https:\/\/schema.org\",\"@graph\":[{\"@type\":\"WebPage\",\"@id\":\"https:\/\/www.mbconsulting.al\/it\/servizi\/consulenza-legale\/servizi-immigrazione\/\",\"url\":\"https:\/\/www.mbconsulting.al\/it\/servizi\/consulenza-legale\/servizi-immigrazione\/\",\"name\":\"Servizi di Immigrazione Albania, Permesso di Lavoro Albania, Permesso di Soggornio in Albania\",\"isPartOf\":{\"@id\":\"https:\/\/www.mbconsulting.al\/it\/#website\"},\"primaryImageOfPage\":{\"@id\":\"https:\/\/www.mbconsulting.al\/it\/servizi\/consulenza-legale\/servizi-immigrazione\/#primaryimage\"},\"image\":{\"@id\":\"https:\/\/www.mbconsulting.al\/it\/servizi\/consulenza-legale\/servizi-immigrazione\/#primaryimage\"},\"thumbnailUrl\":\"https:\/\/www.mbconsulting.al\/wp-content\/uploads\/2014\/04\/RegOffice.jpg\",\"datePublished\":\"2014-09-19T22:52:16+00:00\",\"dateModified\":\"2014-09-21T22:21:19+00:00\",\"description\":\"MB Consulting Albania offre una gamma di servizi di immigrazione per imprenditori e dipendenti stranieri con visti, permessi di lavoro e permessi di soggiorno in Albania\",\"breadcrumb\":{\"@id\":\"https:\/\/www.mbconsulting.al\/it\/servizi\/consulenza-legale\/servizi-immigrazione\/#breadcrumb\"},\"inLanguage\":\"it-IT\",\"potentialAction\":[{\"@type\":\"ReadAction\",\"target\":[\"https:\/\/www.mbconsulting.al\/it\/servizi\/consulenza-legale\/servizi-immigrazione\/\"]}]},{\"@type\":\"ImageObject\",\"inLanguage\":\"it-IT\",\"@id\":\"https:\/\/www.mbconsulting.al\/it\/servizi\/consulenza-legale\/servizi-immigrazione\/#primaryimage\",\"url\":\"https:\/\/www.mbconsulting.al\/wp-content\/uploads\/2014\/04\/RegOffice.jpg\",\"contentUrl\":\"https:\/\/www.mbconsulting.al\/wp-content\/uploads\/2014\/04\/RegOffice.jpg\"},{\"@type\":\"BreadcrumbList\",\"@id\":\"https:\/\/www.mbconsulting.al\/it\/servizi\/consulenza-legale\/servizi-immigrazione\/#breadcrumb\",\"itemListElement\":[{\"@type\":\"ListItem\",\"position\":1,\"name\":\"Home\",\"item\":\"https:\/\/www.mbconsulting.al\/it\/\"},{\"@type\":\"ListItem\",\"position\":2,\"name\":\"Servizi\",\"item\":\"https:\/\/www.mbconsulting.al\/it\/servizi\/\"},{\"@type\":\"ListItem\",\"position\":3,\"name\":\"Consulenza legale\",\"item\":\"https:\/\/www.mbconsulting.al\/it\/servizi\/consulenza-legale\/\"},{\"@type\":\"ListItem\",\"position\":4,\"name\":\"Servizi di Immigrazione\"}]},{\"@type\":\"WebSite\",\"@id\":\"https:\/\/www.mbconsulting.al\/it\/#website\",\"url\":\"https:\/\/www.mbconsulting.al\/it\/\",\"name\":\"MB Consulting Studio Commercialista in Albania\",\"description\":\"Accounting firm Albania, accountants in Albania, company formation Albania, accountant Tirana, accounting Tirana, new company registration Albania, open new business Albania, tax Albania, property valuation Albania\",\"potentialAction\":[{\"@type\":\"SearchAction\",\"target\":{\"@type\":\"EntryPoint\",\"urlTemplate\":\"https:\/\/www.mbconsulting.al\/it\/?s={search_term_string}\"},\"query-input\":{\"@type\":\"PropertyValueSpecification\",\"valueRequired\":true,\"valueName\":\"search_term_string\"}}],\"inLanguage\":\"it-IT\"}]}<\/script>\n<!-- \/ Yoast SEO plugin. -->","yoast_head_json":{"title":"Servizi di Immigrazione Albania, Permesso di Lavoro Albania, Permesso di Soggornio in Albania","description":"MB Consulting Albania offre una gamma di servizi di immigrazione per imprenditori e dipendenti stranieri con visti, permessi di lavoro e permessi di soggiorno in Albania","robots":{"index":"index","follow":"follow","max-snippet":"max-snippet:-1","max-image-preview":"max-image-preview:large","max-video-preview":"max-video-preview:-1"},"canonical":"https:\/\/www.mbconsulting.al\/it\/servizi\/consulenza-legale\/servizi-immigrazione\/","og_locale":"it_IT","og_type":"article","og_title":"Servizi di Immigrazione Albania, Permesso di Lavoro Albania, Permesso di Soggornio in Albania","og_description":"MB Consulting Albania offre una gamma di servizi di immigrazione per imprenditori e dipendenti stranieri con visti, permessi di lavoro e permessi di soggiorno in Albania","og_url":"https:\/\/www.mbconsulting.al\/it\/servizi\/consulenza-legale\/servizi-immigrazione\/","og_site_name":"MB Consulting Studio Commercialista in Albania","article_modified_time":"2014-09-21T22:21:19+00:00","og_image":[{"url":"https:\/\/www.mbconsulting.al\/wp-content\/uploads\/2014\/04\/RegOffice.jpg","type":"","width":"","height":""}],"twitter_misc":{"Tempo di lettura stimato":"3 minuti"},"schema":{"@context":"https:\/\/schema.org","@graph":[{"@type":"WebPage","@id":"https:\/\/www.mbconsulting.al\/it\/servizi\/consulenza-legale\/servizi-immigrazione\/","url":"https:\/\/www.mbconsulting.al\/it\/servizi\/consulenza-legale\/servizi-immigrazione\/","name":"Servizi di Immigrazione Albania, Permesso di Lavoro Albania, Permesso di Soggornio in Albania","isPartOf":{"@id":"https:\/\/www.mbconsulting.al\/it\/#website"},"primaryImageOfPage":{"@id":"https:\/\/www.mbconsulting.al\/it\/servizi\/consulenza-legale\/servizi-immigrazione\/#primaryimage"},"image":{"@id":"https:\/\/www.mbconsulting.al\/it\/servizi\/consulenza-legale\/servizi-immigrazione\/#primaryimage"},"thumbnailUrl":"https:\/\/www.mbconsulting.al\/wp-content\/uploads\/2014\/04\/RegOffice.jpg","datePublished":"2014-09-19T22:52:16+00:00","dateModified":"2014-09-21T22:21:19+00:00","description":"MB Consulting Albania offre una gamma di servizi di immigrazione per imprenditori e dipendenti stranieri con visti, permessi di lavoro e permessi di soggiorno in Albania","breadcrumb":{"@id":"https:\/\/www.mbconsulting.al\/it\/servizi\/consulenza-legale\/servizi-immigrazione\/#breadcrumb"},"inLanguage":"it-IT","potentialAction":[{"@type":"ReadAction","target":["https:\/\/www.mbconsulting.al\/it\/servizi\/consulenza-legale\/servizi-immigrazione\/"]}]},{"@type":"ImageObject","inLanguage":"it-IT","@id":"https:\/\/www.mbconsulting.al\/it\/servizi\/consulenza-legale\/servizi-immigrazione\/#primaryimage","url":"https:\/\/www.mbconsulting.al\/wp-content\/uploads\/2014\/04\/RegOffice.jpg","contentUrl":"https:\/\/www.mbconsulting.al\/wp-content\/uploads\/2014\/04\/RegOffice.jpg"},{"@type":"BreadcrumbList","@id":"https:\/\/www.mbconsulting.al\/it\/servizi\/consulenza-legale\/servizi-immigrazione\/#breadcrumb","itemListElement":[{"@type":"ListItem","position":1,"name":"Home","item":"https:\/\/www.mbconsulting.al\/it\/"},{"@type":"ListItem","position":2,"name":"Servizi","item":"https:\/\/www.mbconsulting.al\/it\/servizi\/"},{"@type":"ListItem","position":3,"name":"Consulenza legale","item":"https:\/\/www.mbconsulting.al\/it\/servizi\/consulenza-legale\/"},{"@type":"ListItem","position":4,"name":"Servizi di Immigrazione"}]},{"@type":"WebSite","@id":"https:\/\/www.mbconsulting.al\/it\/#website","url":"https:\/\/www.mbconsulting.al\/it\/","name":"MB Consulting Studio Commercialista in Albania","description":"Accounting firm Albania, accountants in Albania, company formation Albania, accountant Tirana, accounting Tirana, new company registration Albania, open new business Albania, tax Albania, property valuation Albania","potentialAction":[{"@type":"SearchAction","target":{"@type":"EntryPoint","urlTemplate":"https:\/\/www.mbconsulting.al\/it\/?s={search_term_string}"},"query-input":{"@type":"PropertyValueSpecification","valueRequired":true,"valueName":"search_term_string"}}],"inLanguage":"it-IT"}]}},"_links":{"self":[{"href":"https:\/\/www.mbconsulting.al\/it\/wp-json\/wp\/v2\/pages\/2017","targetHints":{"allow":["GET"]}}],"collection":[{"href":"https:\/\/www.mbconsulting.al\/it\/wp-json\/wp\/v2\/pages"}],"about":[{"href":"https:\/\/www.mbconsulting.al\/it\/wp-json\/wp\/v2\/types\/page"}],"author":[{"embeddable":true,"href":"https:\/\/www.mbconsulting.al\/it\/wp-json\/wp\/v2\/users\/2"}],"replies":[{"embeddable":true,"href":"https:\/\/www.mbconsulting.al\/it\/wp-json\/wp\/v2\/comments?post=2017"}],"version-history":[{"count":0,"href":"https:\/\/www.mbconsulting.al\/it\/wp-json\/wp\/v2\/pages\/2017\/revisions"}],"up":[{"embeddable":true,"href":"https:\/\/www.mbconsulting.al\/it\/wp-json\/wp\/v2\/pages\/1979"}],"wp:attachment":[{"href":"https:\/\/www.mbconsulting.al\/it\/wp-json\/wp\/v2\/media?parent=2017"}],"curies":[{"name":"wp","href":"https:\/\/api.w.org\/{rel}","templated":true}]}}