{"id":1988,"date":"2014-09-18T05:47:56","date_gmt":"2014-09-18T03:47:56","guid":{"rendered":"https:\/\/www.mbconsulting.al\/?page_id=1988"},"modified":"2014-09-22T00:21:29","modified_gmt":"2014-09-21T22:21:29","slug":"costituzione-di-societa-in-albania","status":"publish","type":"page","link":"https:\/\/www.mbconsulting.al\/it\/servizi\/consulenza-legale\/costituzione-di-societa-in-albania\/","title":{"rendered":"Costituzione di societ\u00e0 in Albania"},"content":{"rendered":"<div class=\"three_fourth\">\n<p>Lo studio di commercialisti MB Consulting offre un servizio di costituzione di societ\u00e0 in Albania veloce, affidabile e di un prezzo basso. Se avete intenzione di aprire un attivit\u00e0 in Albania, siete nel posto giusto. Offriamo un servizio personale, guidando l&#8217;utente attraverso ogni fase della costituzione di societ\u00e0 in Albania. Inoltre, offriamo servizi fiscali, di contabilit\u00e0, paghe, e di valutazione di propriet\u00e0 immobiliare.<\/p>\n<p>Dalla redazione dei documenti necessari per stabilire formalmente dal tipo di entit\u00e0 aziendale, forniamo servizi di rappresentazione efficiente ed efficace per la formazione aziendale. I nostri esperti consulenti prendono il tempo necessario per conoscere il settore industriale per il quale i opta, le vostre esigenze personalizzate e i vostri obiettivi e poi vi informa sulle opzioni della formazione di costituzione di societ\u00e0 in Albania. Le preferenze del modo in quale sar\u00e0 strutturatta l\u2019azienda , i obiettivi finanziari, protezione dai debiti, cos\u00ec tutte le altre richieste del imprenditore sarano prese in considerazione.<\/p>\n<h3 style=\"text-align: left;\"><b style=\"line-height: 1.5em;\">Guida esperta per la Costituzione societ\u00e0 in Albania<\/b><\/h3>\n<p>Lo Studio di commercialisti MB Consulting offre una gamma completa di servizi di costituzione di societ\u00e0 in Albania, tra cui:<\/p>\n<ul>\n<li>Registrazione della societ\u00e0 a responsabilit\u00e0 limitata (SRL)<\/li>\n<li>Registrazione della societ\u00e0 per azioni (SPA)<\/li>\n<li>Registrazione degli imprenditori individuali e delle societ\u00e0 in nome collettivo<\/li>\n<li>Registrazione di una filiale in Albania<\/li>\n<li>Registrazione di una societ\u00e0 controllata (sussidiario) in Albania<\/li>\n<li>Registrazione di un ufficio di rappresentanza in Albania<\/li>\n<\/ul>\n<p>Nell&#8217;ambito della nostra pratica formazione aziendale a servizio completo, assistiamo nella redazione dei documenti necessari per aprire un attivit\u00e0 in Albania. Redazione di atti costitutivi, statuti e patti parasociali tra gli azionisti e gli soci, il statuto, le verbali, le procure e gli altri documenti richiesti e necessari.<\/p>\n<p>I nostri avvocati capiscono le preoccupazioni dei proprietari di piccole e medie imprese. Attraverso la pianificazione e le manovre per proteggerci noi anticipiamo eventuali problemi ed eliminiamo sia il rischio legale che quello fiscale.<\/p>\n<h3 style=\"text-align: left;\"><strong>Tipi di imprese in Albania<\/strong><b><\/b><\/h3>\n<p>La costituzione di societ\u00e0 in Albania \u00e8 prevista dalla legge nr. 9901, del 14 aprile 2008 &#8220;Per gli imprenditori e le societ\u00e0&#8221;. L&#8217;Albania non limita la propriet\u00e0 straniera delle aziende e il rimpatrio dei profitti.<\/p>\n<p>Un imprenditore che sta pianificando ad <strong>aprire un attivit\u00e0 in Albania<\/strong> pu\u00f2 scegliere tra diversi tipi di soggetti giuridici, ditta individuale, societ\u00e0 in nome collettivo, societ\u00e0 di persone, societ\u00e0 in accomandita semplice, societ\u00e0 a responsabilit\u00e0 limitata, societ\u00e0 per azioni, filiali di aziende straniere o uffici di rappresentanza.<\/p>\n<p>Le imprese straniere che intendono stabilire un ufficcio in Albania, hanno la scelta di aprirne una filiale, una societa controllata, o un ufficio di rappresentanza in Albania. Inoltre, il nostro Studio pu\u00f2 agire come rappresentante d\u2019 IVA nei confronti delle autorit\u00e0 fiscali albanesi in determinati casi.<\/p>\n<p>Gli imprenditori stranieri oppure i profesionisti che desiderano aprire un attivit\u00e0 in Albania, possono scegliere di costutuire ed operare la societa trasferendosi o meno in Albania.<\/p>\n<h3 style=\"text-align: left;\"><strong>Il Centro Nazionale di Registrazione<\/strong><b><\/b><\/h3>\n<p>Tutte le societ\u00e0 oppure chiunque abbia un attivit\u00e0 devono registrarsi presso il <a href=\"http:\/\/www.qkr.gov.al\">Centro Nazionale di Registratione<\/a>. Il Centro Nazionale di Registrazione \u00e8 l&#8217;ente pubblico responsabile per la registrazione e il mantenimento delle informazioni di registrazione di tutte le imprese e le attivit\u00e0 in Albania. Il centro nazionale di registrazione fa da unico sportello per la registrazione delle imprese in Albania; la nuova attivit\u00e0 viene registrata automaticamente con l&#8217;amministrazione fiscale, con l\u2019assicurazione sociale e l\u2019assicurazione sanitaria, e l&#8217;ufficio del lavoro.<\/p>\n<p>Una societ\u00e0 \u00e8 considerata ufficialmente registrata dal momento in cui la registrazione va a buon fine e viene rilasciato il certificato di registrazione dal Centro Nazionale di Registrazione. Il certificato di registrazione contiene un numero unico con il quale viene identificata la societ\u00e0, il quale \u00e8 necessario alla maggior parte delle istituzioni e per i soci oppure i collaboratori. La procedura di registrazione \u00e8 molto veloce, ci vogliono circa 24 ore per registrare una nuova attivit\u00e0 e ricevere il certificato di registrazione.<\/p>\n<p>Una delle funzioni del Centro Nazionale di Registrazione \u00e8 quello di mantenere il registro commerciale albanese e garantire il libero accesso al pubblico. Il portale CNR fornisce pieno accesso al pubblico alle informazioni di registrazione attuali di tutte le attivit\u00e0 ma anche le informazioni storiche di tutte le entit\u00e0 che svolgono un attivit\u00e0 commerciale. Dopo aver registrato una societ\u00e0 in Albania \u00e8 possibile utilizzare il portale del CNR per controllare lo stato di registrazione della propria attivit\u00e0.<\/p>\n<h3><b>Requisiti per la registrazione<\/b><\/h3>\n<p>Una societ\u00e0 albanese deve avere un minimo di un socio e un amministratore. Una societ\u00e0 pu\u00f2 avere un socio che pu\u00f2 essere una persona fisica o una persona giuridica. Non ci sono restrizioni sulla partecipazione di capitale straniero in una societ\u00e0 albanese. Ogni azienda deve avere una sede legale in Albania alla quale le si pu\u00f2 inviare la posta e la corrispondenza.<\/p>\n<p>In modo generico, i requisiti per registrare una societ\u00e0 in Albania sono i seguenti:<\/p>\n<ol>\n<li>Nome della societ\u00e0<\/li>\n<li>Breve descrizione della attivit\u00e0 commerciale<\/li>\n<li><a title=\"Servizio di domiciliazione in Albania\" href=\"https:\/\/www.mbconsulting.al\/it\/servizi\/consulenza-legale\/servizi-di-domiciliazione-albania\/\">Domiciliazione<\/a> in Albania<\/li>\n<li>I datti degli soci e la loro percentuale delle azioni<\/li>\n<li>I dati del amministratore<\/li>\n<li>Il capitale sociale minimo versato a partire da 100 ALL<\/li>\n<li>Atto costitutivo e Statuto della societ\u00e0<\/li>\n<\/ol>\n<h3><strong>La procedura di registrazione e la Cronologia<br \/>\n<\/strong><\/h3>\n<p style=\"text-align: left;\">Il processo di costituzione di societ\u00e0 in Albania \u00e8 veloce ed efficiente. L&#8217;azienda pu\u00f2 essere registrata al Centro Nazionale di Registrazione in 1-2 giorni lavorativi in circostanze normali. La prima fase \u00e8 la seguente:<\/p>\n<ol style=\"text-align: left;\">\n<li><span id=\"result_box\" class=\"\" lang=\"it\"><span class=\"hps\">Verificare<\/span> <span class=\"hps\">la disponibilit\u00e0<\/span> <span class=\"hps\">del nome dell&#8217;azienda<\/span> <span class=\"hps\">desiderato<\/span> <span class=\"hps\">e prenotare<\/span> <span class=\"hps\">il<\/span> <span class=\"hps\">nome<\/span> <span class=\"hps\">con il centro<\/span> <span class=\"hps\">nazionale di registrazion<\/span><\/span><\/li>\n<li>Redazione dei documenti legali (atto di costituzione, statuto, la decisione del consiglio dell\u2019amministrazione o la procura)<\/li>\n<li>Applicare per la registrazione al Centro Nazionale di Registrazione<\/li>\n<li>Ottenere il certificato di registrazione e l\u2019estratto di registrazione.<\/li>\n<li>Registrazione al Ufficcio Comunale del Agenzia delle Entrate<\/li>\n<\/ol>\n<p style=\"text-align: left; padding-top: 12px;\">Forniamo agli imprenditori e le societ\u00e0 straniere soluzioni intelligenti e di valore per quanto riguarda la costituzione di societ\u00e0 in Albania. Contattateci oggi.<\/p>\n<\/div> <div class=\"one_fourth last_column\"> <a href=\"https:\/\/www.mbconsulting.al\/wp-content\/uploads\/2013\/02\/Albania-Company-Formation-Services.jpg\"><img decoding=\"async\" style=\"display: block;\" src=\"https:\/\/www.mbconsulting.al\/wp-content\/uploads\/2013\/02\/Albania-Company-Formation-Services.jpg\" alt=\"Albania Company Formation\" width=\"196\" height=\"196\" \/><\/a> <div class=\"simple \" style=\"background-color:#064473; color:#FFFFFF;\"><div class=\"inner-padding\"><a title=\"Contact us\" href=\"https:\/\/www.mbconsulting.al\/contact-us\/\"><strong>COSTITUISCI LA TUA NUOVA SOCIETA ADESSO<\/strong><\/a><\/div><\/div> <strong>SERVIZI LEGATI<\/strong> \n<ul class=\"list-10\">\n<li><a title=\"Servizi di domiciliazione in Albania\" href=\"https:\/\/www.mbconsulting.al\/it\/servizi\/consulenza-legale\/servizi-di-domiciliazione-albania\/\">Servizi di domiciliazione<\/a><\/li>\n<li><a title=\"Servizi di immigrazione in Albania\" href=\"https:\/\/www.mbconsulting.al\/it\/servizi\/consulenza-legale\/servizi-immigrazione\/\">Servizi immigrazione<\/a><\/li>\n<li><a title=\"Servizi licenze e autorizzazioni commerciali in Albania\" href=\"https:\/\/www.mbconsulting.al\/it\/servizi\/consulenza-legale\/servizi-licenze-autorizzazioni-commerciali\/\">Servizi licenze commerciali<\/a><\/li>\n<li><a title=\"Servizio di Registrazione del Marchio in Albania\" href=\"https:\/\/www.mbconsulting.al\/it\/servizi\/consulenza-legale\/servizio-registrazione-marchio\/\">Registratione del marchio<\/a><\/li>\n<li><a title=\"Servizi di liquidazione della societ\u00e0 in Albania\" href=\"https:\/\/www.mbconsulting.al\/it\/servizi\/consulenza-legale\/servizi-di-liquidazione-della-societa\/\">Servizi di liquidazione della societ\u00e0<\/a><\/li>\n<\/ul>\n <\/div>\n","protected":false},"excerpt":{"rendered":"","protected":false},"author":2,"featured_media":0,"parent":1979,"menu_order":0,"comment_status":"closed","ping_status":"closed","template":"page-PageTemplate4.php","meta":{"_custom_body_class":"","_custom_post_class":"","_monsterinsights_skip_tracking":false,"_monsterinsights_sitenote_active":false,"_monsterinsights_sitenote_note":"","_monsterinsights_sitenote_category":0,"footnotes":""},"class_list":["post-1988","page","type-page","status-publish","hentry"],"yoast_head":"<!-- This site is optimized with the Yoast SEO plugin v27.1.1 - https:\/\/yoast.com\/product\/yoast-seo-wordpress\/ -->\n<title>Costituzione di Societ\u00e0 in Albania | Registrazione | Apprire un Attivita in Albania \u2013 MB Consulting Albania<\/title>\n<meta name=\"description\" content=\"Lo Studio MB Consulting Albania offre servizi di costituzione di societ\u00e0 in Albania affidabili e convenienti. Apprire un attivit\u00e0 in Albania con MB Consulting e un processo veloce e efficente. Costituzione di societ\u00e0 in Albania, Costituzione SRL Albania, Spostare Azienda in Albania\" \/>\n<meta name=\"robots\" content=\"index, follow, max-snippet:-1, max-image-preview:large, max-video-preview:-1\" \/>\n<link rel=\"canonical\" href=\"https:\/\/www.mbconsulting.al\/it\/servizi\/consulenza-legale\/costituzione-di-societa-in-albania\/\" \/>\n<meta property=\"og:locale\" content=\"it_IT\" \/>\n<meta property=\"og:type\" content=\"article\" \/>\n<meta property=\"og:title\" content=\"Costituzione di Societ\u00e0 in Albania | Registrazione | Apprire un Attivita in Albania \u2013 MB Consulting Albania\" \/>\n<meta property=\"og:description\" content=\"Lo Studio MB Consulting Albania offre servizi di costituzione di societ\u00e0 in Albania affidabili e convenienti. Apprire un attivit\u00e0 in Albania con MB Consulting e un processo veloce e efficente. Costituzione di societ\u00e0 in Albania, Costituzione SRL Albania, Spostare Azienda in Albania\" \/>\n<meta property=\"og:url\" content=\"https:\/\/www.mbconsulting.al\/it\/servizi\/consulenza-legale\/costituzione-di-societa-in-albania\/\" \/>\n<meta property=\"og:site_name\" content=\"MB Consulting Studio Commercialista in Albania\" \/>\n<meta property=\"article:modified_time\" content=\"2014-09-21T22:21:29+00:00\" \/>\n<meta property=\"og:image\" content=\"https:\/\/www.mbconsulting.al\/wp-content\/uploads\/2013\/02\/Albania-Company-Formation-Services.jpg\" \/>\n<meta name=\"twitter:label1\" content=\"Tempo di lettura stimato\" \/>\n\t<meta name=\"twitter:data1\" content=\"5 minuti\" \/>\n<script type=\"application\/ld+json\" class=\"yoast-schema-graph\">{\"@context\":\"https:\/\/schema.org\",\"@graph\":[{\"@type\":\"WebPage\",\"@id\":\"https:\/\/www.mbconsulting.al\/it\/servizi\/consulenza-legale\/costituzione-di-societa-in-albania\/\",\"url\":\"https:\/\/www.mbconsulting.al\/it\/servizi\/consulenza-legale\/costituzione-di-societa-in-albania\/\",\"name\":\"Costituzione di Societ\u00e0 in Albania | Registrazione | Apprire un Attivita in Albania \u2013 MB Consulting Albania\",\"isPartOf\":{\"@id\":\"https:\/\/www.mbconsulting.al\/it\/#website\"},\"primaryImageOfPage\":{\"@id\":\"https:\/\/www.mbconsulting.al\/it\/servizi\/consulenza-legale\/costituzione-di-societa-in-albania\/#primaryimage\"},\"image\":{\"@id\":\"https:\/\/www.mbconsulting.al\/it\/servizi\/consulenza-legale\/costituzione-di-societa-in-albania\/#primaryimage\"},\"thumbnailUrl\":\"https:\/\/www.mbconsulting.al\/wp-content\/uploads\/2013\/02\/Albania-Company-Formation-Services.jpg\",\"datePublished\":\"2014-09-18T03:47:56+00:00\",\"dateModified\":\"2014-09-21T22:21:29+00:00\",\"description\":\"Lo Studio MB Consulting Albania offre servizi di costituzione di societ\u00e0 in Albania affidabili e convenienti. Apprire un attivit\u00e0 in Albania con MB Consulting e un processo veloce e efficente. Costituzione di societ\u00e0 in Albania, Costituzione SRL Albania, Spostare Azienda in Albania\",\"breadcrumb\":{\"@id\":\"https:\/\/www.mbconsulting.al\/it\/servizi\/consulenza-legale\/costituzione-di-societa-in-albania\/#breadcrumb\"},\"inLanguage\":\"it-IT\",\"potentialAction\":[{\"@type\":\"ReadAction\",\"target\":[\"https:\/\/www.mbconsulting.al\/it\/servizi\/consulenza-legale\/costituzione-di-societa-in-albania\/\"]}]},{\"@type\":\"ImageObject\",\"inLanguage\":\"it-IT\",\"@id\":\"https:\/\/www.mbconsulting.al\/it\/servizi\/consulenza-legale\/costituzione-di-societa-in-albania\/#primaryimage\",\"url\":\"https:\/\/www.mbconsulting.al\/wp-content\/uploads\/2013\/02\/Albania-Company-Formation-Services.jpg\",\"contentUrl\":\"https:\/\/www.mbconsulting.al\/wp-content\/uploads\/2013\/02\/Albania-Company-Formation-Services.jpg\"},{\"@type\":\"BreadcrumbList\",\"@id\":\"https:\/\/www.mbconsulting.al\/it\/servizi\/consulenza-legale\/costituzione-di-societa-in-albania\/#breadcrumb\",\"itemListElement\":[{\"@type\":\"ListItem\",\"position\":1,\"name\":\"Home\",\"item\":\"https:\/\/www.mbconsulting.al\/it\/\"},{\"@type\":\"ListItem\",\"position\":2,\"name\":\"Servizi\",\"item\":\"https:\/\/www.mbconsulting.al\/it\/servizi\/\"},{\"@type\":\"ListItem\",\"position\":3,\"name\":\"Consulenza legale\",\"item\":\"https:\/\/www.mbconsulting.al\/it\/servizi\/consulenza-legale\/\"},{\"@type\":\"ListItem\",\"position\":4,\"name\":\"Costituzione di societ\u00e0 in Albania\"}]},{\"@type\":\"WebSite\",\"@id\":\"https:\/\/www.mbconsulting.al\/it\/#website\",\"url\":\"https:\/\/www.mbconsulting.al\/it\/\",\"name\":\"MB Consulting Studio Commercialista in Albania\",\"description\":\"Accounting firm Albania, accountants in Albania, company formation Albania, accountant Tirana, accounting Tirana, new company registration Albania, open new business Albania, tax Albania, property valuation Albania\",\"potentialAction\":[{\"@type\":\"SearchAction\",\"target\":{\"@type\":\"EntryPoint\",\"urlTemplate\":\"https:\/\/www.mbconsulting.al\/it\/?s={search_term_string}\"},\"query-input\":{\"@type\":\"PropertyValueSpecification\",\"valueRequired\":true,\"valueName\":\"search_term_string\"}}],\"inLanguage\":\"it-IT\"}]}<\/script>\n<!-- \/ Yoast SEO plugin. -->","yoast_head_json":{"title":"Costituzione di Societ\u00e0 in Albania | Registrazione | Apprire un Attivita in Albania \u2013 MB Consulting Albania","description":"Lo Studio MB Consulting Albania offre servizi di costituzione di societ\u00e0 in Albania affidabili e convenienti. Apprire un attivit\u00e0 in Albania con MB Consulting e un processo veloce e efficente. Costituzione di societ\u00e0 in Albania, Costituzione SRL Albania, Spostare Azienda in Albania","robots":{"index":"index","follow":"follow","max-snippet":"max-snippet:-1","max-image-preview":"max-image-preview:large","max-video-preview":"max-video-preview:-1"},"canonical":"https:\/\/www.mbconsulting.al\/it\/servizi\/consulenza-legale\/costituzione-di-societa-in-albania\/","og_locale":"it_IT","og_type":"article","og_title":"Costituzione di Societ\u00e0 in Albania | Registrazione | Apprire un Attivita in Albania \u2013 MB Consulting Albania","og_description":"Lo Studio MB Consulting Albania offre servizi di costituzione di societ\u00e0 in Albania affidabili e convenienti. Apprire un attivit\u00e0 in Albania con MB Consulting e un processo veloce e efficente. Costituzione di societ\u00e0 in Albania, Costituzione SRL Albania, Spostare Azienda in Albania","og_url":"https:\/\/www.mbconsulting.al\/it\/servizi\/consulenza-legale\/costituzione-di-societa-in-albania\/","og_site_name":"MB Consulting Studio Commercialista in Albania","article_modified_time":"2014-09-21T22:21:29+00:00","og_image":[{"url":"https:\/\/www.mbconsulting.al\/wp-content\/uploads\/2013\/02\/Albania-Company-Formation-Services.jpg","type":"","width":"","height":""}],"twitter_misc":{"Tempo di lettura stimato":"5 minuti"},"schema":{"@context":"https:\/\/schema.org","@graph":[{"@type":"WebPage","@id":"https:\/\/www.mbconsulting.al\/it\/servizi\/consulenza-legale\/costituzione-di-societa-in-albania\/","url":"https:\/\/www.mbconsulting.al\/it\/servizi\/consulenza-legale\/costituzione-di-societa-in-albania\/","name":"Costituzione di Societ\u00e0 in Albania | Registrazione | Apprire un Attivita in Albania \u2013 MB Consulting Albania","isPartOf":{"@id":"https:\/\/www.mbconsulting.al\/it\/#website"},"primaryImageOfPage":{"@id":"https:\/\/www.mbconsulting.al\/it\/servizi\/consulenza-legale\/costituzione-di-societa-in-albania\/#primaryimage"},"image":{"@id":"https:\/\/www.mbconsulting.al\/it\/servizi\/consulenza-legale\/costituzione-di-societa-in-albania\/#primaryimage"},"thumbnailUrl":"https:\/\/www.mbconsulting.al\/wp-content\/uploads\/2013\/02\/Albania-Company-Formation-Services.jpg","datePublished":"2014-09-18T03:47:56+00:00","dateModified":"2014-09-21T22:21:29+00:00","description":"Lo Studio MB Consulting Albania offre servizi di costituzione di societ\u00e0 in Albania affidabili e convenienti. Apprire un attivit\u00e0 in Albania con MB Consulting e un processo veloce e efficente. Costituzione di societ\u00e0 in Albania, Costituzione SRL Albania, Spostare Azienda in Albania","breadcrumb":{"@id":"https:\/\/www.mbconsulting.al\/it\/servizi\/consulenza-legale\/costituzione-di-societa-in-albania\/#breadcrumb"},"inLanguage":"it-IT","potentialAction":[{"@type":"ReadAction","target":["https:\/\/www.mbconsulting.al\/it\/servizi\/consulenza-legale\/costituzione-di-societa-in-albania\/"]}]},{"@type":"ImageObject","inLanguage":"it-IT","@id":"https:\/\/www.mbconsulting.al\/it\/servizi\/consulenza-legale\/costituzione-di-societa-in-albania\/#primaryimage","url":"https:\/\/www.mbconsulting.al\/wp-content\/uploads\/2013\/02\/Albania-Company-Formation-Services.jpg","contentUrl":"https:\/\/www.mbconsulting.al\/wp-content\/uploads\/2013\/02\/Albania-Company-Formation-Services.jpg"},{"@type":"BreadcrumbList","@id":"https:\/\/www.mbconsulting.al\/it\/servizi\/consulenza-legale\/costituzione-di-societa-in-albania\/#breadcrumb","itemListElement":[{"@type":"ListItem","position":1,"name":"Home","item":"https:\/\/www.mbconsulting.al\/it\/"},{"@type":"ListItem","position":2,"name":"Servizi","item":"https:\/\/www.mbconsulting.al\/it\/servizi\/"},{"@type":"ListItem","position":3,"name":"Consulenza legale","item":"https:\/\/www.mbconsulting.al\/it\/servizi\/consulenza-legale\/"},{"@type":"ListItem","position":4,"name":"Costituzione di societ\u00e0 in Albania"}]},{"@type":"WebSite","@id":"https:\/\/www.mbconsulting.al\/it\/#website","url":"https:\/\/www.mbconsulting.al\/it\/","name":"MB Consulting Studio Commercialista in Albania","description":"Accounting firm Albania, accountants in Albania, company formation Albania, accountant Tirana, accounting Tirana, new company registration Albania, open new business Albania, tax Albania, property valuation Albania","potentialAction":[{"@type":"SearchAction","target":{"@type":"EntryPoint","urlTemplate":"https:\/\/www.mbconsulting.al\/it\/?s={search_term_string}"},"query-input":{"@type":"PropertyValueSpecification","valueRequired":true,"valueName":"search_term_string"}}],"inLanguage":"it-IT"}]}},"_links":{"self":[{"href":"https:\/\/www.mbconsulting.al\/it\/wp-json\/wp\/v2\/pages\/1988","targetHints":{"allow":["GET"]}}],"collection":[{"href":"https:\/\/www.mbconsulting.al\/it\/wp-json\/wp\/v2\/pages"}],"about":[{"href":"https:\/\/www.mbconsulting.al\/it\/wp-json\/wp\/v2\/types\/page"}],"author":[{"embeddable":true,"href":"https:\/\/www.mbconsulting.al\/it\/wp-json\/wp\/v2\/users\/2"}],"replies":[{"embeddable":true,"href":"https:\/\/www.mbconsulting.al\/it\/wp-json\/wp\/v2\/comments?post=1988"}],"version-history":[{"count":0,"href":"https:\/\/www.mbconsulting.al\/it\/wp-json\/wp\/v2\/pages\/1988\/revisions"}],"up":[{"embeddable":true,"href":"https:\/\/www.mbconsulting.al\/it\/wp-json\/wp\/v2\/pages\/1979"}],"wp:attachment":[{"href":"https:\/\/www.mbconsulting.al\/it\/wp-json\/wp\/v2\/media?parent=1988"}],"curies":[{"name":"wp","href":"https:\/\/api.w.org\/{rel}","templated":true}]}}