{"id":1974,"date":"2014-09-18T02:27:08","date_gmt":"2014-09-18T00:27:08","guid":{"rendered":"https:\/\/www.mbconsulting.al\/?page_id=1974"},"modified":"2014-09-18T02:37:10","modified_gmt":"2014-09-18T00:37:10","slug":"informatica","status":"publish","type":"page","link":"https:\/\/www.mbconsulting.al\/it\/servizi\/informatica\/","title":{"rendered":"Informatica"},"content":{"rendered":"<p style=\"text-align: left;\"><a href=\"https:\/\/www.mbconsulting.al\/wp-content\/uploads\/2011\/11\/Technology.jpg\"><img fetchpriority=\"high\" decoding=\"async\" class=\"aligncenter size-full wp-image-1255\" src=\"https:\/\/www.mbconsulting.al\/wp-content\/uploads\/2011\/11\/Technology.jpg\" alt=\"Technology\" width=\"700\" height=\"180\" srcset=\"https:\/\/www.mbconsulting.al\/wp-content\/uploads\/2011\/11\/Technology.jpg 700w, https:\/\/www.mbconsulting.al\/wp-content\/uploads\/2011\/11\/Technology-300x77.jpg 300w\" sizes=\"(max-width: 700px) 100vw, 700px\" \/><\/a><\/p>\n<p>Il nostro team di collaboratori altamente qualificato ha esperienza con consulenza su una vasta gamma di software di contabilit\u00e0 tra cui Alfa, Financa 5, QuickBooks, ecc.<\/p>\n<p>Possiamo sostenervi con il corso della formazione, con consulenza e sostenervi ogni volta che pu\u00f2 sorgere la necessit\u00e0 per garantire che la procedura della contabilit\u00e0 verr\u00e0 sempre eseguita senza problemi, indipendentemente dalle variazioni del personale e delle assenze.<\/p>\n<p>&nbsp;<\/p>\n","protected":false},"excerpt":{"rendered":"","protected":false},"author":2,"featured_media":0,"parent":1938,"menu_order":0,"comment_status":"closed","ping_status":"closed","template":"page-PageTemplate2.php","meta":{"_custom_body_class":"","_custom_post_class":"","_monsterinsights_skip_tracking":false,"_monsterinsights_sitenote_active":false,"_monsterinsights_sitenote_note":"","_monsterinsights_sitenote_category":0,"footnotes":""},"class_list":["post-1974","page","type-page","status-publish","hentry"],"yoast_head":"<!-- This site is optimized with the Yoast SEO plugin v27.1.1 - https:\/\/yoast.com\/product\/yoast-seo-wordpress\/ -->\n<title>Informatica - MB Consulting Studio Commercialista in Albania<\/title>\n<meta name=\"description\" content=\"Il nostro team di collaboratori altamente qualificato ha esperienza con consulenza su una vasta gamma di software di contabilit\u00e0 tra cui Alfa, Financa 5,\" \/>\n<meta name=\"robots\" content=\"index, follow, max-snippet:-1, max-image-preview:large, max-video-preview:-1\" \/>\n<link rel=\"canonical\" href=\"https:\/\/www.mbconsulting.al\/it\/servizi\/informatica\/\" \/>\n<meta property=\"og:locale\" content=\"it_IT\" \/>\n<meta property=\"og:type\" content=\"article\" \/>\n<meta property=\"og:title\" content=\"Informatica - MB Consulting Studio Commercialista in Albania\" \/>\n<meta property=\"og:description\" content=\"Il nostro team di collaboratori altamente qualificato ha esperienza con consulenza su una vasta gamma di software di contabilit\u00e0 tra cui Alfa, Financa 5,\" \/>\n<meta property=\"og:url\" content=\"https:\/\/www.mbconsulting.al\/it\/servizi\/informatica\/\" \/>\n<meta property=\"og:site_name\" content=\"MB Consulting Studio Commercialista in Albania\" \/>\n<meta property=\"article:modified_time\" content=\"2014-09-18T00:37:10+00:00\" \/>\n<meta property=\"og:image\" content=\"https:\/\/www.mbconsulting.al\/wp-content\/uploads\/2011\/11\/Technology.jpg\" \/>\n<script type=\"application\/ld+json\" class=\"yoast-schema-graph\">{\"@context\":\"https:\/\/schema.org\",\"@graph\":[{\"@type\":\"WebPage\",\"@id\":\"https:\/\/www.mbconsulting.al\/it\/servizi\/informatica\/\",\"url\":\"https:\/\/www.mbconsulting.al\/it\/servizi\/informatica\/\",\"name\":\"Informatica - MB Consulting Studio Commercialista in Albania\",\"isPartOf\":{\"@id\":\"https:\/\/www.mbconsulting.al\/it\/#website\"},\"primaryImageOfPage\":{\"@id\":\"https:\/\/www.mbconsulting.al\/it\/servizi\/informatica\/#primaryimage\"},\"image\":{\"@id\":\"https:\/\/www.mbconsulting.al\/it\/servizi\/informatica\/#primaryimage\"},\"thumbnailUrl\":\"https:\/\/www.mbconsulting.al\/wp-content\/uploads\/2011\/11\/Technology.jpg\",\"datePublished\":\"2014-09-18T00:27:08+00:00\",\"dateModified\":\"2014-09-18T00:37:10+00:00\",\"description\":\"Il nostro team di collaboratori altamente qualificato ha esperienza con consulenza su una vasta gamma di software di contabilit\u00e0 tra cui Alfa, Financa 5,\",\"breadcrumb\":{\"@id\":\"https:\/\/www.mbconsulting.al\/it\/servizi\/informatica\/#breadcrumb\"},\"inLanguage\":\"it-IT\",\"potentialAction\":[{\"@type\":\"ReadAction\",\"target\":[\"https:\/\/www.mbconsulting.al\/it\/servizi\/informatica\/\"]}]},{\"@type\":\"ImageObject\",\"inLanguage\":\"it-IT\",\"@id\":\"https:\/\/www.mbconsulting.al\/it\/servizi\/informatica\/#primaryimage\",\"url\":\"https:\/\/www.mbconsulting.al\/wp-content\/uploads\/2011\/11\/Technology.jpg\",\"contentUrl\":\"https:\/\/www.mbconsulting.al\/wp-content\/uploads\/2011\/11\/Technology.jpg\"},{\"@type\":\"BreadcrumbList\",\"@id\":\"https:\/\/www.mbconsulting.al\/it\/servizi\/informatica\/#breadcrumb\",\"itemListElement\":[{\"@type\":\"ListItem\",\"position\":1,\"name\":\"Home\",\"item\":\"https:\/\/www.mbconsulting.al\/it\/\"},{\"@type\":\"ListItem\",\"position\":2,\"name\":\"Servizi\",\"item\":\"https:\/\/www.mbconsulting.al\/it\/servizi\/\"},{\"@type\":\"ListItem\",\"position\":3,\"name\":\"Informatica\"}]},{\"@type\":\"WebSite\",\"@id\":\"https:\/\/www.mbconsulting.al\/it\/#website\",\"url\":\"https:\/\/www.mbconsulting.al\/it\/\",\"name\":\"MB Consulting Studio Commercialista in Albania\",\"description\":\"Accounting firm Albania, accountants in Albania, company formation Albania, accountant Tirana, accounting Tirana, new company registration Albania, open new business Albania, tax Albania, property valuation Albania\",\"potentialAction\":[{\"@type\":\"SearchAction\",\"target\":{\"@type\":\"EntryPoint\",\"urlTemplate\":\"https:\/\/www.mbconsulting.al\/it\/?s={search_term_string}\"},\"query-input\":{\"@type\":\"PropertyValueSpecification\",\"valueRequired\":true,\"valueName\":\"search_term_string\"}}],\"inLanguage\":\"it-IT\"}]}<\/script>\n<!-- \/ Yoast SEO plugin. -->","yoast_head_json":{"title":"Informatica - MB Consulting Studio Commercialista in Albania","description":"Il nostro team di collaboratori altamente qualificato ha esperienza con consulenza su una vasta gamma di software di contabilit\u00e0 tra cui Alfa, Financa 5,","robots":{"index":"index","follow":"follow","max-snippet":"max-snippet:-1","max-image-preview":"max-image-preview:large","max-video-preview":"max-video-preview:-1"},"canonical":"https:\/\/www.mbconsulting.al\/it\/servizi\/informatica\/","og_locale":"it_IT","og_type":"article","og_title":"Informatica - MB Consulting Studio Commercialista in Albania","og_description":"Il nostro team di collaboratori altamente qualificato ha esperienza con consulenza su una vasta gamma di software di contabilit\u00e0 tra cui Alfa, Financa 5,","og_url":"https:\/\/www.mbconsulting.al\/it\/servizi\/informatica\/","og_site_name":"MB Consulting Studio Commercialista in Albania","article_modified_time":"2014-09-18T00:37:10+00:00","og_image":[{"url":"https:\/\/www.mbconsulting.al\/wp-content\/uploads\/2011\/11\/Technology.jpg","type":"","width":"","height":""}],"schema":{"@context":"https:\/\/schema.org","@graph":[{"@type":"WebPage","@id":"https:\/\/www.mbconsulting.al\/it\/servizi\/informatica\/","url":"https:\/\/www.mbconsulting.al\/it\/servizi\/informatica\/","name":"Informatica - MB Consulting Studio Commercialista in Albania","isPartOf":{"@id":"https:\/\/www.mbconsulting.al\/it\/#website"},"primaryImageOfPage":{"@id":"https:\/\/www.mbconsulting.al\/it\/servizi\/informatica\/#primaryimage"},"image":{"@id":"https:\/\/www.mbconsulting.al\/it\/servizi\/informatica\/#primaryimage"},"thumbnailUrl":"https:\/\/www.mbconsulting.al\/wp-content\/uploads\/2011\/11\/Technology.jpg","datePublished":"2014-09-18T00:27:08+00:00","dateModified":"2014-09-18T00:37:10+00:00","description":"Il nostro team di collaboratori altamente qualificato ha esperienza con consulenza su una vasta gamma di software di contabilit\u00e0 tra cui Alfa, Financa 5,","breadcrumb":{"@id":"https:\/\/www.mbconsulting.al\/it\/servizi\/informatica\/#breadcrumb"},"inLanguage":"it-IT","potentialAction":[{"@type":"ReadAction","target":["https:\/\/www.mbconsulting.al\/it\/servizi\/informatica\/"]}]},{"@type":"ImageObject","inLanguage":"it-IT","@id":"https:\/\/www.mbconsulting.al\/it\/servizi\/informatica\/#primaryimage","url":"https:\/\/www.mbconsulting.al\/wp-content\/uploads\/2011\/11\/Technology.jpg","contentUrl":"https:\/\/www.mbconsulting.al\/wp-content\/uploads\/2011\/11\/Technology.jpg"},{"@type":"BreadcrumbList","@id":"https:\/\/www.mbconsulting.al\/it\/servizi\/informatica\/#breadcrumb","itemListElement":[{"@type":"ListItem","position":1,"name":"Home","item":"https:\/\/www.mbconsulting.al\/it\/"},{"@type":"ListItem","position":2,"name":"Servizi","item":"https:\/\/www.mbconsulting.al\/it\/servizi\/"},{"@type":"ListItem","position":3,"name":"Informatica"}]},{"@type":"WebSite","@id":"https:\/\/www.mbconsulting.al\/it\/#website","url":"https:\/\/www.mbconsulting.al\/it\/","name":"MB Consulting Studio Commercialista in Albania","description":"Accounting firm Albania, accountants in Albania, company formation Albania, accountant Tirana, accounting Tirana, new company registration Albania, open new business Albania, tax Albania, property valuation Albania","potentialAction":[{"@type":"SearchAction","target":{"@type":"EntryPoint","urlTemplate":"https:\/\/www.mbconsulting.al\/it\/?s={search_term_string}"},"query-input":{"@type":"PropertyValueSpecification","valueRequired":true,"valueName":"search_term_string"}}],"inLanguage":"it-IT"}]}},"_links":{"self":[{"href":"https:\/\/www.mbconsulting.al\/it\/wp-json\/wp\/v2\/pages\/1974","targetHints":{"allow":["GET"]}}],"collection":[{"href":"https:\/\/www.mbconsulting.al\/it\/wp-json\/wp\/v2\/pages"}],"about":[{"href":"https:\/\/www.mbconsulting.al\/it\/wp-json\/wp\/v2\/types\/page"}],"author":[{"embeddable":true,"href":"https:\/\/www.mbconsulting.al\/it\/wp-json\/wp\/v2\/users\/2"}],"replies":[{"embeddable":true,"href":"https:\/\/www.mbconsulting.al\/it\/wp-json\/wp\/v2\/comments?post=1974"}],"version-history":[{"count":0,"href":"https:\/\/www.mbconsulting.al\/it\/wp-json\/wp\/v2\/pages\/1974\/revisions"}],"up":[{"embeddable":true,"href":"https:\/\/www.mbconsulting.al\/it\/wp-json\/wp\/v2\/pages\/1938"}],"wp:attachment":[{"href":"https:\/\/www.mbconsulting.al\/it\/wp-json\/wp\/v2\/media?parent=1974"}],"curies":[{"name":"wp","href":"https:\/\/api.w.org\/{rel}","templated":true}]}}