{"id":1968,"date":"2014-09-18T02:02:27","date_gmt":"2014-09-18T00:02:27","guid":{"rendered":"https:\/\/www.mbconsulting.al\/?page_id=1968"},"modified":"2014-09-18T02:02:27","modified_gmt":"2014-09-18T00:02:27","slug":"valutazione-immobiliare-in-albania","status":"publish","type":"page","link":"https:\/\/www.mbconsulting.al\/it\/servizi\/valutazione-immobiliare-in-albania\/","title":{"rendered":"Valutazione immobiliare in Albania"},"content":{"rendered":"<p><img fetchpriority=\"high\" decoding=\"async\" class=\"alignleft size-full wp-image-1194\" style=\"margin-bottom: 20px;\" src=\"https:\/\/www.mbconsulting.al\/wp-content\/uploads\/2013\/11\/Property-Valuation-Albania2.jpg\" alt=\"Property Valuation in Albania\" width=\"680\" height=\"200\" srcset=\"https:\/\/www.mbconsulting.al\/wp-content\/uploads\/2013\/11\/Property-Valuation-Albania2.jpg 680w, https:\/\/www.mbconsulting.al\/wp-content\/uploads\/2013\/11\/Property-Valuation-Albania2-300x88.jpg 300w\" sizes=\"(max-width: 680px) 100vw, 680px\" \/><\/p>\n<h2><strong>Valutazione immobiliare in Albania<\/strong><\/h2>\n<p>Il nostro team di esperti fornisce servizi accurati, comprensivi e professionali di valutazione immobiliare in Albania, in conformit\u00e0 con gli standard internazionali di valutazione e delle migliori pratiche. Il nostro team di esperti di valutazione immobiliare \u00e8 composto da individui che detengono le pi\u00f9 alte denominazioni professionali e possiedono le competenze tecniche per rispondere a situazioni di valutazione di ogni dimensione e ogni grado di complessit\u00e0, con un parere indipendente e di valore.<\/p>\n<p>Lo studio MB Consulting fornisce una gamma completa di valutazione immobiliare residenziale e commerciale per una vasta gamma di imprese, per organizzazioni internazionali, per delle istituzioni finanziarie, e per dei privati\u200b\u200b. I nostri servizi di valutazione immobiliare includono:<\/p>\n<ul>\n<li>Valutazione dei beni immobili in base al mercato<\/li>\n<li>Rapporti di valutazione per il mutuo<\/li>\n<li>Supporto nelle attivit\u00e0 contenziose<\/li>\n<li>Valutazione indipendente di revisione<\/li>\n<\/ul>\n<p>Applichiamo metodologie di valutazione consolidate e utilizziamo il sistema pi\u00f9 pertinente e dati demografici. Attraverso questo processo forniamo una indipendente e obiettiva determinazione del valore progettato per resistere al controllo delle autorit\u00e0 di regolamentazione, esperti esterni, e, la cosa pi\u00f9 importante, i nostri clienti.<\/p>\n<p>Le nostre aree di valutazione della propriet\u00e0 si concentrano su una variet\u00e0 di tipi di propriet\u00e0, tra cui:<\/p>\n<ul>\n<li>Edifici per uffici<\/li>\n<li>Vendita al detaglio e centri commerciali<\/li>\n<li>Alberghi e propriet\u00e0 per il tempo libero<\/li>\n<li>Immobili industriali e logistica<\/li>\n<li>Progetti di infrastruttura<\/li>\n<li>Propriet\u00e0 ad uso misto<\/li>\n<li>Siti di sviluppo<\/li>\n<li>Condomini<\/li>\n<li>Appartamenti e ville<\/li>\n<li>Terreni<\/li>\n<\/ul>\n","protected":false},"excerpt":{"rendered":"","protected":false},"author":2,"featured_media":0,"parent":1938,"menu_order":0,"comment_status":"closed","ping_status":"closed","template":"page-PageTemplate2.php","meta":{"_custom_body_class":"","_custom_post_class":"","_monsterinsights_skip_tracking":false,"_monsterinsights_sitenote_active":false,"_monsterinsights_sitenote_note":"","_monsterinsights_sitenote_category":0,"footnotes":""},"class_list":["post-1968","page","type-page","status-publish","hentry"],"yoast_head":"<!-- This site is optimized with the Yoast SEO plugin v27.1.1 - https:\/\/yoast.com\/product\/yoast-seo-wordpress\/ -->\n<title>Valutazione immobiliare in Albania, valutazione immobili Albania<\/title>\n<meta name=\"description\" content=\"Valutazione immobiliare in Albania Il nostro team di esperti fornisce servizi accurati, comprensivi e professionali di valutazione immobiliare in Albania,\" \/>\n<meta name=\"robots\" content=\"index, follow, max-snippet:-1, max-image-preview:large, max-video-preview:-1\" \/>\n<link rel=\"canonical\" href=\"https:\/\/www.mbconsulting.al\/it\/servizi\/valutazione-immobiliare-in-albania\/\" \/>\n<meta property=\"og:locale\" content=\"it_IT\" \/>\n<meta property=\"og:type\" content=\"article\" \/>\n<meta property=\"og:title\" content=\"Valutazione immobiliare in Albania, valutazione immobili Albania\" \/>\n<meta property=\"og:description\" content=\"Valutazione immobiliare in Albania Il nostro team di esperti fornisce servizi accurati, comprensivi e professionali di valutazione immobiliare in Albania,\" \/>\n<meta property=\"og:url\" content=\"https:\/\/www.mbconsulting.al\/it\/servizi\/valutazione-immobiliare-in-albania\/\" \/>\n<meta property=\"og:site_name\" content=\"MB Consulting Studio Commercialista in Albania\" \/>\n<meta property=\"og:image\" content=\"https:\/\/www.mbconsulting.al\/wp-content\/uploads\/2013\/11\/Property-Valuation-Albania2.jpg\" \/>\n<meta name=\"twitter:label1\" content=\"Tempo di lettura stimato\" \/>\n\t<meta name=\"twitter:data1\" content=\"1 minuto\" \/>\n<script type=\"application\/ld+json\" class=\"yoast-schema-graph\">{\"@context\":\"https:\/\/schema.org\",\"@graph\":[{\"@type\":\"WebPage\",\"@id\":\"https:\/\/www.mbconsulting.al\/it\/servizi\/valutazione-immobiliare-in-albania\/\",\"url\":\"https:\/\/www.mbconsulting.al\/it\/servizi\/valutazione-immobiliare-in-albania\/\",\"name\":\"Valutazione immobiliare in Albania, valutazione immobili Albania\",\"isPartOf\":{\"@id\":\"https:\/\/www.mbconsulting.al\/it\/#website\"},\"primaryImageOfPage\":{\"@id\":\"https:\/\/www.mbconsulting.al\/it\/servizi\/valutazione-immobiliare-in-albania\/#primaryimage\"},\"image\":{\"@id\":\"https:\/\/www.mbconsulting.al\/it\/servizi\/valutazione-immobiliare-in-albania\/#primaryimage\"},\"thumbnailUrl\":\"https:\/\/www.mbconsulting.al\/wp-content\/uploads\/2013\/11\/Property-Valuation-Albania2.jpg\",\"datePublished\":\"2014-09-18T00:02:27+00:00\",\"description\":\"Valutazione immobiliare in Albania Il nostro team di esperti fornisce servizi accurati, comprensivi e professionali di valutazione immobiliare in Albania,\",\"breadcrumb\":{\"@id\":\"https:\/\/www.mbconsulting.al\/it\/servizi\/valutazione-immobiliare-in-albania\/#breadcrumb\"},\"inLanguage\":\"it-IT\",\"potentialAction\":[{\"@type\":\"ReadAction\",\"target\":[\"https:\/\/www.mbconsulting.al\/it\/servizi\/valutazione-immobiliare-in-albania\/\"]}]},{\"@type\":\"ImageObject\",\"inLanguage\":\"it-IT\",\"@id\":\"https:\/\/www.mbconsulting.al\/it\/servizi\/valutazione-immobiliare-in-albania\/#primaryimage\",\"url\":\"https:\/\/www.mbconsulting.al\/wp-content\/uploads\/2013\/11\/Property-Valuation-Albania2.jpg\",\"contentUrl\":\"https:\/\/www.mbconsulting.al\/wp-content\/uploads\/2013\/11\/Property-Valuation-Albania2.jpg\"},{\"@type\":\"BreadcrumbList\",\"@id\":\"https:\/\/www.mbconsulting.al\/it\/servizi\/valutazione-immobiliare-in-albania\/#breadcrumb\",\"itemListElement\":[{\"@type\":\"ListItem\",\"position\":1,\"name\":\"Home\",\"item\":\"https:\/\/www.mbconsulting.al\/it\/\"},{\"@type\":\"ListItem\",\"position\":2,\"name\":\"Servizi\",\"item\":\"https:\/\/www.mbconsulting.al\/it\/servizi\/\"},{\"@type\":\"ListItem\",\"position\":3,\"name\":\"Valutazione immobiliare in Albania\"}]},{\"@type\":\"WebSite\",\"@id\":\"https:\/\/www.mbconsulting.al\/it\/#website\",\"url\":\"https:\/\/www.mbconsulting.al\/it\/\",\"name\":\"MB Consulting Studio Commercialista in Albania\",\"description\":\"Accounting firm Albania, accountants in Albania, company formation Albania, accountant Tirana, accounting Tirana, new company registration Albania, open new business Albania, tax Albania, property valuation Albania\",\"potentialAction\":[{\"@type\":\"SearchAction\",\"target\":{\"@type\":\"EntryPoint\",\"urlTemplate\":\"https:\/\/www.mbconsulting.al\/it\/?s={search_term_string}\"},\"query-input\":{\"@type\":\"PropertyValueSpecification\",\"valueRequired\":true,\"valueName\":\"search_term_string\"}}],\"inLanguage\":\"it-IT\"}]}<\/script>\n<!-- \/ Yoast SEO plugin. -->","yoast_head_json":{"title":"Valutazione immobiliare in Albania, valutazione immobili Albania","description":"Valutazione immobiliare in Albania Il nostro team di esperti fornisce servizi accurati, comprensivi e professionali di valutazione immobiliare in Albania,","robots":{"index":"index","follow":"follow","max-snippet":"max-snippet:-1","max-image-preview":"max-image-preview:large","max-video-preview":"max-video-preview:-1"},"canonical":"https:\/\/www.mbconsulting.al\/it\/servizi\/valutazione-immobiliare-in-albania\/","og_locale":"it_IT","og_type":"article","og_title":"Valutazione immobiliare in Albania, valutazione immobili Albania","og_description":"Valutazione immobiliare in Albania Il nostro team di esperti fornisce servizi accurati, comprensivi e professionali di valutazione immobiliare in Albania,","og_url":"https:\/\/www.mbconsulting.al\/it\/servizi\/valutazione-immobiliare-in-albania\/","og_site_name":"MB Consulting Studio Commercialista in Albania","og_image":[{"url":"https:\/\/www.mbconsulting.al\/wp-content\/uploads\/2013\/11\/Property-Valuation-Albania2.jpg","type":"","width":"","height":""}],"twitter_misc":{"Tempo di lettura stimato":"1 minuto"},"schema":{"@context":"https:\/\/schema.org","@graph":[{"@type":"WebPage","@id":"https:\/\/www.mbconsulting.al\/it\/servizi\/valutazione-immobiliare-in-albania\/","url":"https:\/\/www.mbconsulting.al\/it\/servizi\/valutazione-immobiliare-in-albania\/","name":"Valutazione immobiliare in Albania, valutazione immobili Albania","isPartOf":{"@id":"https:\/\/www.mbconsulting.al\/it\/#website"},"primaryImageOfPage":{"@id":"https:\/\/www.mbconsulting.al\/it\/servizi\/valutazione-immobiliare-in-albania\/#primaryimage"},"image":{"@id":"https:\/\/www.mbconsulting.al\/it\/servizi\/valutazione-immobiliare-in-albania\/#primaryimage"},"thumbnailUrl":"https:\/\/www.mbconsulting.al\/wp-content\/uploads\/2013\/11\/Property-Valuation-Albania2.jpg","datePublished":"2014-09-18T00:02:27+00:00","description":"Valutazione immobiliare in Albania Il nostro team di esperti fornisce servizi accurati, comprensivi e professionali di valutazione immobiliare in Albania,","breadcrumb":{"@id":"https:\/\/www.mbconsulting.al\/it\/servizi\/valutazione-immobiliare-in-albania\/#breadcrumb"},"inLanguage":"it-IT","potentialAction":[{"@type":"ReadAction","target":["https:\/\/www.mbconsulting.al\/it\/servizi\/valutazione-immobiliare-in-albania\/"]}]},{"@type":"ImageObject","inLanguage":"it-IT","@id":"https:\/\/www.mbconsulting.al\/it\/servizi\/valutazione-immobiliare-in-albania\/#primaryimage","url":"https:\/\/www.mbconsulting.al\/wp-content\/uploads\/2013\/11\/Property-Valuation-Albania2.jpg","contentUrl":"https:\/\/www.mbconsulting.al\/wp-content\/uploads\/2013\/11\/Property-Valuation-Albania2.jpg"},{"@type":"BreadcrumbList","@id":"https:\/\/www.mbconsulting.al\/it\/servizi\/valutazione-immobiliare-in-albania\/#breadcrumb","itemListElement":[{"@type":"ListItem","position":1,"name":"Home","item":"https:\/\/www.mbconsulting.al\/it\/"},{"@type":"ListItem","position":2,"name":"Servizi","item":"https:\/\/www.mbconsulting.al\/it\/servizi\/"},{"@type":"ListItem","position":3,"name":"Valutazione immobiliare in Albania"}]},{"@type":"WebSite","@id":"https:\/\/www.mbconsulting.al\/it\/#website","url":"https:\/\/www.mbconsulting.al\/it\/","name":"MB Consulting Studio Commercialista in Albania","description":"Accounting firm Albania, accountants in Albania, company formation Albania, accountant Tirana, accounting Tirana, new company registration Albania, open new business Albania, tax Albania, property valuation Albania","potentialAction":[{"@type":"SearchAction","target":{"@type":"EntryPoint","urlTemplate":"https:\/\/www.mbconsulting.al\/it\/?s={search_term_string}"},"query-input":{"@type":"PropertyValueSpecification","valueRequired":true,"valueName":"search_term_string"}}],"inLanguage":"it-IT"}]}},"_links":{"self":[{"href":"https:\/\/www.mbconsulting.al\/it\/wp-json\/wp\/v2\/pages\/1968","targetHints":{"allow":["GET"]}}],"collection":[{"href":"https:\/\/www.mbconsulting.al\/it\/wp-json\/wp\/v2\/pages"}],"about":[{"href":"https:\/\/www.mbconsulting.al\/it\/wp-json\/wp\/v2\/types\/page"}],"author":[{"embeddable":true,"href":"https:\/\/www.mbconsulting.al\/it\/wp-json\/wp\/v2\/users\/2"}],"replies":[{"embeddable":true,"href":"https:\/\/www.mbconsulting.al\/it\/wp-json\/wp\/v2\/comments?post=1968"}],"version-history":[{"count":0,"href":"https:\/\/www.mbconsulting.al\/it\/wp-json\/wp\/v2\/pages\/1968\/revisions"}],"up":[{"embeddable":true,"href":"https:\/\/www.mbconsulting.al\/it\/wp-json\/wp\/v2\/pages\/1938"}],"wp:attachment":[{"href":"https:\/\/www.mbconsulting.al\/it\/wp-json\/wp\/v2\/media?parent=1968"}],"curies":[{"name":"wp","href":"https:\/\/api.w.org\/{rel}","templated":true}]}}