{"id":1945,"date":"2014-09-17T04:02:33","date_gmt":"2014-09-17T02:02:33","guid":{"rendered":"https:\/\/www.mbconsulting.al\/?page_id=1945"},"modified":"2014-10-07T10:23:08","modified_gmt":"2014-10-07T08:23:08","slug":"servizi-contabilita-in-albania","status":"publish","type":"page","link":"https:\/\/www.mbconsulting.al\/it\/servizi\/servizi-contabilita-in-albania\/","title":{"rendered":"Servizi di Contabilit\u00e0 in Albania"},"content":{"rendered":"<p><a href=\"https:\/\/www.mbconsulting.al\/wp-content\/uploads\/2011\/11\/Accounting1.jpg\"><img fetchpriority=\"high\" decoding=\"async\" class=\"aligncenter size-full wp-image-1249\" src=\"https:\/\/www.mbconsulting.al\/wp-content\/uploads\/2011\/11\/Accounting1.jpg\" alt=\"Accounting Services in Albania\" width=\"700\" height=\"200\" srcset=\"https:\/\/www.mbconsulting.al\/wp-content\/uploads\/2011\/11\/Accounting1.jpg 700w, https:\/\/www.mbconsulting.al\/wp-content\/uploads\/2011\/11\/Accounting1-300x85.jpg 300w\" sizes=\"(max-width: 700px) 100vw, 700px\" \/><\/a><\/p>\n<p>Lo studio di commercialisti MB Consulting offre una vasta gamma di servizi di contabilit\u00e0 in Albania che possono essere personalizzati in base alle vostre esigenze contabili. Siamo consapevoli che ogni azienda \u00e8 diversa e prenderemo tutto il tempo che serve per capire a fondo la vostra societ\u00e0 e lavoreremo con voi nel modo che pi\u00f9 vi si addice. Offriamo ai nostri clienti prestazioni accurate e affidabili per la contabilit\u00e0 finanziaria, per la gestione della contabilit\u00e0, per la contabilit\u00e0 patrimoniale e di contabilit\u00e0 per quanto riguarda le paghe in Albania.<\/p>\n<p>Il mercato di contabilit\u00e0 in Albania \u00e8 cambiato notevolmente negli ultimi anni. Nuovi Principi Contabili Nazionali (PCN), in linea con gli IFRS sono stati attuati nel gennaio 2008. Inoltre, le aziende hanno la possibilit\u00e0 di riferire a pieno IFRS. Tutti i nostri servizi di contabilit\u00e0 sono forniti da una squadra di esperti contabili e commercialisti con tanti anni di esperienza negli Principi Albanesi Nazionali di Contabilit\u00e0 ma anche negli Principi Contabili Internazionali.<\/p>\n<p>Sosteniamo in modo attivo le operazioni dei nostri clienti, fornendo informazioni accurate e affidabili in rispetto della legge in vigore e in particolar modo nel rispetto delle norme giuridiche del diritto tributario e fiscale. Offriamo anche pacchetti di rendiconto e gestione della contabilit\u00e0 su misura per le esigenze particolari della societ\u00e0.<\/p>\n<p>Elaborazione delle paghe e delle risorse umane interinali che sono parte integrale del nostro servizio di contabilit\u00e0 e del servizi di segnalazione. Siamo in grado di gestire tutti i processi giornalieri del libro delle paghe dei dipendenti.<\/p>\n<p>Siamo qualificati nel lavorare con diversi pacchetti di contabilit\u00e0 e ERP (SAP, Navision, QuickBooks, Kontabiliteti Alpha, Financa 5) e siamo in grado di installare e offire assistenza in qualsiasi sistema interno.<\/p>\n<p><strong>I nostri servizi comprendono:<\/strong><\/p>\n<ul>\n<li>Preparazione di un piano contabile individuale e configurazione del programma contabile<\/li>\n<li>Contabilizzazione corrente dei documenti primari in entrata e in uscita e compilazione dei registri contabili<\/li>\n<li>Contabilit\u00e0 delle immobilizzazioni e ammortamenti,<span id=\"result_box\" class=\"\" lang=\"it\"><span class=\"hps\">gestione<\/span> <span class=\"hps\">del registro<\/span> <span class=\"hps\">delle immobilizzazioni<\/span> <\/span><\/li>\n<li>Redazione del bilancio d&#8217;esercizio in conformit\u00e0 con i NAS\u00a0Albanesi o IFRS<\/li>\n<li>Assistenza nella definizione delle procedure contabili e amministrative, in rispetto alla legge in vigore<\/li>\n<li>Assistenza nella gestione dell&#8217;intero processo contabile<\/li>\n<li>Redazione della reportistica sulla base di indicazioni definite dall cliente o dalla casa-madre<\/li>\n<li><span id=\"result_box\" class=\"\" lang=\"it\"><span class=\"hps\">Assistenza<\/span> <span class=\"hps\">di reporting di<\/span> <span class=\"hps\">gestione,<\/span> <span class=\"hps\">budgets<\/span><span class=\"\">, proiezioni<\/span><span class=\"\">, previsioni<\/span> <span class=\"hps\">e<\/span> a<span class=\"hps alt-edited\">nalisi della varianza<\/span><\/span><\/li>\n<li>Ccontabilit\u00e0 sulle paghe dei dipendenti in conformit\u00e0 della legislazione e regolamenti albanesi<\/li>\n<li>Assistenza con l&#8217;implementazione di un sistema interno e amministrattivo (ERP, POS, i sistemi retail, ecc) h<\/li>\n<\/ul>\n<p style=\"text-align: left;\">Crediamo che questi processi sono fondamentali per rendere i processi di contabilit\u00e0 in Albania pi\u00f9 efficienti ed efficaci.<\/p>\n","protected":false},"excerpt":{"rendered":"","protected":false},"author":2,"featured_media":0,"parent":1938,"menu_order":0,"comment_status":"closed","ping_status":"closed","template":"page-PageTemplate2.php","meta":{"_custom_body_class":"","_custom_post_class":"","_monsterinsights_skip_tracking":false,"_monsterinsights_sitenote_active":false,"_monsterinsights_sitenote_note":"","_monsterinsights_sitenote_category":0,"footnotes":""},"class_list":["post-1945","page","type-page","status-publish","hentry"],"yoast_head":"<!-- This site is optimized with the Yoast SEO plugin v27.1.1 - https:\/\/yoast.com\/product\/yoast-seo-wordpress\/ -->\n<title>Servizi di Contabilit\u00e0 in Albania - MB Consulting Studio Commercialista in Albania<\/title>\n<meta name=\"description\" content=\"MB Consulting offre Servizi di Contabilit\u00e0 in Albania.\" \/>\n<meta name=\"robots\" content=\"index, follow, max-snippet:-1, max-image-preview:large, max-video-preview:-1\" \/>\n<link rel=\"canonical\" href=\"https:\/\/www.mbconsulting.al\/it\/servizi\/servizi-contabilita-in-albania\/\" \/>\n<meta property=\"og:locale\" content=\"it_IT\" \/>\n<meta property=\"og:type\" content=\"article\" \/>\n<meta property=\"og:title\" content=\"Servizi di Contabilit\u00e0 in Albania - MB Consulting Studio Commercialista in Albania\" \/>\n<meta property=\"og:description\" content=\"MB Consulting offre Servizi di Contabilit\u00e0 in Albania.\" \/>\n<meta property=\"og:url\" content=\"https:\/\/www.mbconsulting.al\/it\/servizi\/servizi-contabilita-in-albania\/\" \/>\n<meta property=\"og:site_name\" content=\"MB Consulting Studio Commercialista in Albania\" \/>\n<meta property=\"article:modified_time\" content=\"2014-10-07T08:23:08+00:00\" \/>\n<meta property=\"og:image\" content=\"https:\/\/www.mbconsulting.al\/wp-content\/uploads\/2011\/11\/Accounting1.jpg\" \/>\n<meta name=\"twitter:label1\" content=\"Tempo di lettura stimato\" \/>\n\t<meta name=\"twitter:data1\" content=\"2 minuti\" \/>\n<script type=\"application\/ld+json\" class=\"yoast-schema-graph\">{\"@context\":\"https:\/\/schema.org\",\"@graph\":[{\"@type\":\"WebPage\",\"@id\":\"https:\/\/www.mbconsulting.al\/it\/servizi\/servizi-contabilita-in-albania\/\",\"url\":\"https:\/\/www.mbconsulting.al\/it\/servizi\/servizi-contabilita-in-albania\/\",\"name\":\"Servizi di Contabilit\u00e0 in Albania - MB Consulting Studio Commercialista in Albania\",\"isPartOf\":{\"@id\":\"https:\/\/www.mbconsulting.al\/it\/#website\"},\"primaryImageOfPage\":{\"@id\":\"https:\/\/www.mbconsulting.al\/it\/servizi\/servizi-contabilita-in-albania\/#primaryimage\"},\"image\":{\"@id\":\"https:\/\/www.mbconsulting.al\/it\/servizi\/servizi-contabilita-in-albania\/#primaryimage\"},\"thumbnailUrl\":\"https:\/\/www.mbconsulting.al\/wp-content\/uploads\/2011\/11\/Accounting1.jpg\",\"datePublished\":\"2014-09-17T02:02:33+00:00\",\"dateModified\":\"2014-10-07T08:23:08+00:00\",\"description\":\"MB Consulting offre Servizi di Contabilit\u00e0 in Albania.\",\"breadcrumb\":{\"@id\":\"https:\/\/www.mbconsulting.al\/it\/servizi\/servizi-contabilita-in-albania\/#breadcrumb\"},\"inLanguage\":\"it-IT\",\"potentialAction\":[{\"@type\":\"ReadAction\",\"target\":[\"https:\/\/www.mbconsulting.al\/it\/servizi\/servizi-contabilita-in-albania\/\"]}]},{\"@type\":\"ImageObject\",\"inLanguage\":\"it-IT\",\"@id\":\"https:\/\/www.mbconsulting.al\/it\/servizi\/servizi-contabilita-in-albania\/#primaryimage\",\"url\":\"https:\/\/www.mbconsulting.al\/wp-content\/uploads\/2011\/11\/Accounting1.jpg\",\"contentUrl\":\"https:\/\/www.mbconsulting.al\/wp-content\/uploads\/2011\/11\/Accounting1.jpg\"},{\"@type\":\"BreadcrumbList\",\"@id\":\"https:\/\/www.mbconsulting.al\/it\/servizi\/servizi-contabilita-in-albania\/#breadcrumb\",\"itemListElement\":[{\"@type\":\"ListItem\",\"position\":1,\"name\":\"Home\",\"item\":\"https:\/\/www.mbconsulting.al\/it\/\"},{\"@type\":\"ListItem\",\"position\":2,\"name\":\"Servizi\",\"item\":\"https:\/\/www.mbconsulting.al\/it\/servizi\/\"},{\"@type\":\"ListItem\",\"position\":3,\"name\":\"Servizi di Contabilit\u00e0 in Albania\"}]},{\"@type\":\"WebSite\",\"@id\":\"https:\/\/www.mbconsulting.al\/it\/#website\",\"url\":\"https:\/\/www.mbconsulting.al\/it\/\",\"name\":\"MB Consulting Studio Commercialista in Albania\",\"description\":\"Accounting firm Albania, accountants in Albania, company formation Albania, accountant Tirana, accounting Tirana, new company registration Albania, open new business Albania, tax Albania, property valuation Albania\",\"potentialAction\":[{\"@type\":\"SearchAction\",\"target\":{\"@type\":\"EntryPoint\",\"urlTemplate\":\"https:\/\/www.mbconsulting.al\/it\/?s={search_term_string}\"},\"query-input\":{\"@type\":\"PropertyValueSpecification\",\"valueRequired\":true,\"valueName\":\"search_term_string\"}}],\"inLanguage\":\"it-IT\"}]}<\/script>\n<!-- \/ Yoast SEO plugin. -->","yoast_head_json":{"title":"Servizi di Contabilit\u00e0 in Albania - MB Consulting Studio Commercialista in Albania","description":"MB Consulting offre Servizi di Contabilit\u00e0 in Albania.","robots":{"index":"index","follow":"follow","max-snippet":"max-snippet:-1","max-image-preview":"max-image-preview:large","max-video-preview":"max-video-preview:-1"},"canonical":"https:\/\/www.mbconsulting.al\/it\/servizi\/servizi-contabilita-in-albania\/","og_locale":"it_IT","og_type":"article","og_title":"Servizi di Contabilit\u00e0 in Albania - MB Consulting Studio Commercialista in Albania","og_description":"MB Consulting offre Servizi di Contabilit\u00e0 in Albania.","og_url":"https:\/\/www.mbconsulting.al\/it\/servizi\/servizi-contabilita-in-albania\/","og_site_name":"MB Consulting Studio Commercialista in Albania","article_modified_time":"2014-10-07T08:23:08+00:00","og_image":[{"url":"https:\/\/www.mbconsulting.al\/wp-content\/uploads\/2011\/11\/Accounting1.jpg","type":"","width":"","height":""}],"twitter_misc":{"Tempo di lettura stimato":"2 minuti"},"schema":{"@context":"https:\/\/schema.org","@graph":[{"@type":"WebPage","@id":"https:\/\/www.mbconsulting.al\/it\/servizi\/servizi-contabilita-in-albania\/","url":"https:\/\/www.mbconsulting.al\/it\/servizi\/servizi-contabilita-in-albania\/","name":"Servizi di Contabilit\u00e0 in Albania - MB Consulting Studio Commercialista in Albania","isPartOf":{"@id":"https:\/\/www.mbconsulting.al\/it\/#website"},"primaryImageOfPage":{"@id":"https:\/\/www.mbconsulting.al\/it\/servizi\/servizi-contabilita-in-albania\/#primaryimage"},"image":{"@id":"https:\/\/www.mbconsulting.al\/it\/servizi\/servizi-contabilita-in-albania\/#primaryimage"},"thumbnailUrl":"https:\/\/www.mbconsulting.al\/wp-content\/uploads\/2011\/11\/Accounting1.jpg","datePublished":"2014-09-17T02:02:33+00:00","dateModified":"2014-10-07T08:23:08+00:00","description":"MB Consulting offre Servizi di Contabilit\u00e0 in Albania.","breadcrumb":{"@id":"https:\/\/www.mbconsulting.al\/it\/servizi\/servizi-contabilita-in-albania\/#breadcrumb"},"inLanguage":"it-IT","potentialAction":[{"@type":"ReadAction","target":["https:\/\/www.mbconsulting.al\/it\/servizi\/servizi-contabilita-in-albania\/"]}]},{"@type":"ImageObject","inLanguage":"it-IT","@id":"https:\/\/www.mbconsulting.al\/it\/servizi\/servizi-contabilita-in-albania\/#primaryimage","url":"https:\/\/www.mbconsulting.al\/wp-content\/uploads\/2011\/11\/Accounting1.jpg","contentUrl":"https:\/\/www.mbconsulting.al\/wp-content\/uploads\/2011\/11\/Accounting1.jpg"},{"@type":"BreadcrumbList","@id":"https:\/\/www.mbconsulting.al\/it\/servizi\/servizi-contabilita-in-albania\/#breadcrumb","itemListElement":[{"@type":"ListItem","position":1,"name":"Home","item":"https:\/\/www.mbconsulting.al\/it\/"},{"@type":"ListItem","position":2,"name":"Servizi","item":"https:\/\/www.mbconsulting.al\/it\/servizi\/"},{"@type":"ListItem","position":3,"name":"Servizi di Contabilit\u00e0 in Albania"}]},{"@type":"WebSite","@id":"https:\/\/www.mbconsulting.al\/it\/#website","url":"https:\/\/www.mbconsulting.al\/it\/","name":"MB Consulting Studio Commercialista in Albania","description":"Accounting firm Albania, accountants in Albania, company formation Albania, accountant Tirana, accounting Tirana, new company registration Albania, open new business Albania, tax Albania, property valuation Albania","potentialAction":[{"@type":"SearchAction","target":{"@type":"EntryPoint","urlTemplate":"https:\/\/www.mbconsulting.al\/it\/?s={search_term_string}"},"query-input":{"@type":"PropertyValueSpecification","valueRequired":true,"valueName":"search_term_string"}}],"inLanguage":"it-IT"}]}},"_links":{"self":[{"href":"https:\/\/www.mbconsulting.al\/it\/wp-json\/wp\/v2\/pages\/1945","targetHints":{"allow":["GET"]}}],"collection":[{"href":"https:\/\/www.mbconsulting.al\/it\/wp-json\/wp\/v2\/pages"}],"about":[{"href":"https:\/\/www.mbconsulting.al\/it\/wp-json\/wp\/v2\/types\/page"}],"author":[{"embeddable":true,"href":"https:\/\/www.mbconsulting.al\/it\/wp-json\/wp\/v2\/users\/2"}],"replies":[{"embeddable":true,"href":"https:\/\/www.mbconsulting.al\/it\/wp-json\/wp\/v2\/comments?post=1945"}],"version-history":[{"count":0,"href":"https:\/\/www.mbconsulting.al\/it\/wp-json\/wp\/v2\/pages\/1945\/revisions"}],"up":[{"embeddable":true,"href":"https:\/\/www.mbconsulting.al\/it\/wp-json\/wp\/v2\/pages\/1938"}],"wp:attachment":[{"href":"https:\/\/www.mbconsulting.al\/it\/wp-json\/wp\/v2\/media?parent=1945"}],"curies":[{"name":"wp","href":"https:\/\/api.w.org\/{rel}","templated":true}]}}