{"id":1917,"date":"2014-09-16T23:23:58","date_gmt":"2014-09-16T21:23:58","guid":{"rendered":"https:\/\/www.mbconsulting.al\/?page_id=1917"},"modified":"2014-09-16T23:23:58","modified_gmt":"2014-09-16T21:23:58","slug":"nostra-missione","status":"publish","type":"page","link":"https:\/\/www.mbconsulting.al\/it\/studio-commercialista-in-albania\/nostra-missione\/","title":{"rendered":"La nostra missione"},"content":{"rendered":"<p><a href=\"https:\/\/www.mbconsulting.al\/wp-content\/uploads\/2011\/10\/Mission1.jpg\"><img fetchpriority=\"high\" decoding=\"async\" class=\"aligncenter size-full wp-image-1237\" src=\"https:\/\/www.mbconsulting.al\/wp-content\/uploads\/2011\/10\/Mission1.jpg\" alt=\"Mission\" width=\"700\" height=\"200\" srcset=\"https:\/\/www.mbconsulting.al\/wp-content\/uploads\/2011\/10\/Mission1.jpg 700w, https:\/\/www.mbconsulting.al\/wp-content\/uploads\/2011\/10\/Mission1-300x85.jpg 300w\" sizes=\"(max-width: 700px) 100vw, 700px\" \/><\/a><\/p>\n<p>La nostra filosofia \u00e8 quella di fornire un servizio eccezionale, attraverso una vasta gamma di attivit\u00e0, con particolare attenzione ai rapporti personali.<\/p>\n<p>La nostra visione \u00e8 quella di fare la differenza per i nostri clienti, per i nostri partner e le nostre comunit\u00e0, fornendo consulenza e di alta qualit\u00e0 in modo personalizzato, etico e professionale in area fiscale, legale, informatica e nella valutazione immobiliare.<\/p>\n<p>Il nostro obiettivo \u00e8 quello di diventare un valore aggiunto per i nostri Clienti &#8211; Raggiungiamo questo obiettivo tenendo sempre in considerazione i valori di professionalit\u00e0, integrit\u00e0, eccellenza e trasparenza, lavorando a stretto contatto con il Cliente e costruendo relazioni effettive con i nostri Clienti.<\/p>\n","protected":false},"excerpt":{"rendered":"","protected":false},"author":2,"featured_media":0,"parent":1905,"menu_order":0,"comment_status":"closed","ping_status":"closed","template":"","meta":{"_custom_body_class":"","_custom_post_class":"","_monsterinsights_skip_tracking":false,"_monsterinsights_sitenote_active":false,"_monsterinsights_sitenote_note":"","_monsterinsights_sitenote_category":0,"footnotes":""},"class_list":["post-1917","page","type-page","status-publish","hentry"],"yoast_head":"<!-- This site is optimized with the Yoast SEO plugin v27.1.1 - https:\/\/yoast.com\/product\/yoast-seo-wordpress\/ -->\n<title>La nostra missione - MB Consulting Studio Commercialista in Albania<\/title>\n<meta name=\"description\" content=\"La nostra filosofia \u00e8 quella di fornire un servizio eccezionale, attraverso una vasta gamma di attivit\u00e0, con particolare attenzione ai rapporti personali.\" \/>\n<meta name=\"robots\" content=\"index, follow, max-snippet:-1, max-image-preview:large, max-video-preview:-1\" \/>\n<link rel=\"canonical\" href=\"https:\/\/www.mbconsulting.al\/it\/studio-commercialista-in-albania\/nostra-missione\/\" \/>\n<meta property=\"og:locale\" content=\"it_IT\" \/>\n<meta property=\"og:type\" content=\"article\" \/>\n<meta property=\"og:title\" content=\"La nostra missione - MB Consulting Studio Commercialista in Albania\" \/>\n<meta property=\"og:description\" content=\"La nostra filosofia \u00e8 quella di fornire un servizio eccezionale, attraverso una vasta gamma di attivit\u00e0, con particolare attenzione ai rapporti personali.\" \/>\n<meta property=\"og:url\" content=\"https:\/\/www.mbconsulting.al\/it\/studio-commercialista-in-albania\/nostra-missione\/\" \/>\n<meta property=\"og:site_name\" content=\"MB Consulting Studio Commercialista in Albania\" \/>\n<meta property=\"og:image\" content=\"https:\/\/www.mbconsulting.al\/wp-content\/uploads\/2011\/10\/Mission1.jpg\" \/>\n<meta name=\"twitter:label1\" content=\"Tempo di lettura stimato\" \/>\n\t<meta name=\"twitter:data1\" content=\"1 minuto\" \/>\n<script type=\"application\/ld+json\" class=\"yoast-schema-graph\">{\"@context\":\"https:\/\/schema.org\",\"@graph\":[{\"@type\":\"WebPage\",\"@id\":\"https:\/\/www.mbconsulting.al\/it\/studio-commercialista-in-albania\/nostra-missione\/\",\"url\":\"https:\/\/www.mbconsulting.al\/it\/studio-commercialista-in-albania\/nostra-missione\/\",\"name\":\"La nostra missione - MB Consulting Studio Commercialista in Albania\",\"isPartOf\":{\"@id\":\"https:\/\/www.mbconsulting.al\/it\/#website\"},\"primaryImageOfPage\":{\"@id\":\"https:\/\/www.mbconsulting.al\/it\/studio-commercialista-in-albania\/nostra-missione\/#primaryimage\"},\"image\":{\"@id\":\"https:\/\/www.mbconsulting.al\/it\/studio-commercialista-in-albania\/nostra-missione\/#primaryimage\"},\"thumbnailUrl\":\"https:\/\/www.mbconsulting.al\/wp-content\/uploads\/2011\/10\/Mission1.jpg\",\"datePublished\":\"2014-09-16T21:23:58+00:00\",\"description\":\"La nostra filosofia \u00e8 quella di fornire un servizio eccezionale, attraverso una vasta gamma di attivit\u00e0, con particolare attenzione ai rapporti personali.\",\"breadcrumb\":{\"@id\":\"https:\/\/www.mbconsulting.al\/it\/studio-commercialista-in-albania\/nostra-missione\/#breadcrumb\"},\"inLanguage\":\"it-IT\",\"potentialAction\":[{\"@type\":\"ReadAction\",\"target\":[\"https:\/\/www.mbconsulting.al\/it\/studio-commercialista-in-albania\/nostra-missione\/\"]}]},{\"@type\":\"ImageObject\",\"inLanguage\":\"it-IT\",\"@id\":\"https:\/\/www.mbconsulting.al\/it\/studio-commercialista-in-albania\/nostra-missione\/#primaryimage\",\"url\":\"https:\/\/www.mbconsulting.al\/wp-content\/uploads\/2011\/10\/Mission1.jpg\",\"contentUrl\":\"https:\/\/www.mbconsulting.al\/wp-content\/uploads\/2011\/10\/Mission1.jpg\"},{\"@type\":\"BreadcrumbList\",\"@id\":\"https:\/\/www.mbconsulting.al\/it\/studio-commercialista-in-albania\/nostra-missione\/#breadcrumb\",\"itemListElement\":[{\"@type\":\"ListItem\",\"position\":1,\"name\":\"Home\",\"item\":\"https:\/\/www.mbconsulting.al\/it\/\"},{\"@type\":\"ListItem\",\"position\":2,\"name\":\"Studio commercialista in Albania\",\"item\":\"https:\/\/www.mbconsulting.al\/it\/studio-commercialista-in-albania\/\"},{\"@type\":\"ListItem\",\"position\":3,\"name\":\"La nostra missione\"}]},{\"@type\":\"WebSite\",\"@id\":\"https:\/\/www.mbconsulting.al\/it\/#website\",\"url\":\"https:\/\/www.mbconsulting.al\/it\/\",\"name\":\"MB Consulting Studio Commercialista in Albania\",\"description\":\"Accounting firm Albania, accountants in Albania, company formation Albania, accountant Tirana, accounting Tirana, new company registration Albania, open new business Albania, tax Albania, property valuation Albania\",\"potentialAction\":[{\"@type\":\"SearchAction\",\"target\":{\"@type\":\"EntryPoint\",\"urlTemplate\":\"https:\/\/www.mbconsulting.al\/it\/?s={search_term_string}\"},\"query-input\":{\"@type\":\"PropertyValueSpecification\",\"valueRequired\":true,\"valueName\":\"search_term_string\"}}],\"inLanguage\":\"it-IT\"}]}<\/script>\n<!-- \/ Yoast SEO plugin. -->","yoast_head_json":{"title":"La nostra missione - MB Consulting Studio Commercialista in Albania","description":"La nostra filosofia \u00e8 quella di fornire un servizio eccezionale, attraverso una vasta gamma di attivit\u00e0, con particolare attenzione ai rapporti personali.","robots":{"index":"index","follow":"follow","max-snippet":"max-snippet:-1","max-image-preview":"max-image-preview:large","max-video-preview":"max-video-preview:-1"},"canonical":"https:\/\/www.mbconsulting.al\/it\/studio-commercialista-in-albania\/nostra-missione\/","og_locale":"it_IT","og_type":"article","og_title":"La nostra missione - MB Consulting Studio Commercialista in Albania","og_description":"La nostra filosofia \u00e8 quella di fornire un servizio eccezionale, attraverso una vasta gamma di attivit\u00e0, con particolare attenzione ai rapporti personali.","og_url":"https:\/\/www.mbconsulting.al\/it\/studio-commercialista-in-albania\/nostra-missione\/","og_site_name":"MB Consulting Studio Commercialista in Albania","og_image":[{"url":"https:\/\/www.mbconsulting.al\/wp-content\/uploads\/2011\/10\/Mission1.jpg","type":"","width":"","height":""}],"twitter_misc":{"Tempo di lettura stimato":"1 minuto"},"schema":{"@context":"https:\/\/schema.org","@graph":[{"@type":"WebPage","@id":"https:\/\/www.mbconsulting.al\/it\/studio-commercialista-in-albania\/nostra-missione\/","url":"https:\/\/www.mbconsulting.al\/it\/studio-commercialista-in-albania\/nostra-missione\/","name":"La nostra missione - MB Consulting Studio Commercialista in Albania","isPartOf":{"@id":"https:\/\/www.mbconsulting.al\/it\/#website"},"primaryImageOfPage":{"@id":"https:\/\/www.mbconsulting.al\/it\/studio-commercialista-in-albania\/nostra-missione\/#primaryimage"},"image":{"@id":"https:\/\/www.mbconsulting.al\/it\/studio-commercialista-in-albania\/nostra-missione\/#primaryimage"},"thumbnailUrl":"https:\/\/www.mbconsulting.al\/wp-content\/uploads\/2011\/10\/Mission1.jpg","datePublished":"2014-09-16T21:23:58+00:00","description":"La nostra filosofia \u00e8 quella di fornire un servizio eccezionale, attraverso una vasta gamma di attivit\u00e0, con particolare attenzione ai rapporti personali.","breadcrumb":{"@id":"https:\/\/www.mbconsulting.al\/it\/studio-commercialista-in-albania\/nostra-missione\/#breadcrumb"},"inLanguage":"it-IT","potentialAction":[{"@type":"ReadAction","target":["https:\/\/www.mbconsulting.al\/it\/studio-commercialista-in-albania\/nostra-missione\/"]}]},{"@type":"ImageObject","inLanguage":"it-IT","@id":"https:\/\/www.mbconsulting.al\/it\/studio-commercialista-in-albania\/nostra-missione\/#primaryimage","url":"https:\/\/www.mbconsulting.al\/wp-content\/uploads\/2011\/10\/Mission1.jpg","contentUrl":"https:\/\/www.mbconsulting.al\/wp-content\/uploads\/2011\/10\/Mission1.jpg"},{"@type":"BreadcrumbList","@id":"https:\/\/www.mbconsulting.al\/it\/studio-commercialista-in-albania\/nostra-missione\/#breadcrumb","itemListElement":[{"@type":"ListItem","position":1,"name":"Home","item":"https:\/\/www.mbconsulting.al\/it\/"},{"@type":"ListItem","position":2,"name":"Studio commercialista in Albania","item":"https:\/\/www.mbconsulting.al\/it\/studio-commercialista-in-albania\/"},{"@type":"ListItem","position":3,"name":"La nostra missione"}]},{"@type":"WebSite","@id":"https:\/\/www.mbconsulting.al\/it\/#website","url":"https:\/\/www.mbconsulting.al\/it\/","name":"MB Consulting Studio Commercialista in Albania","description":"Accounting firm Albania, accountants in Albania, company formation Albania, accountant Tirana, accounting Tirana, new company registration Albania, open new business Albania, tax Albania, property valuation Albania","potentialAction":[{"@type":"SearchAction","target":{"@type":"EntryPoint","urlTemplate":"https:\/\/www.mbconsulting.al\/it\/?s={search_term_string}"},"query-input":{"@type":"PropertyValueSpecification","valueRequired":true,"valueName":"search_term_string"}}],"inLanguage":"it-IT"}]}},"_links":{"self":[{"href":"https:\/\/www.mbconsulting.al\/it\/wp-json\/wp\/v2\/pages\/1917","targetHints":{"allow":["GET"]}}],"collection":[{"href":"https:\/\/www.mbconsulting.al\/it\/wp-json\/wp\/v2\/pages"}],"about":[{"href":"https:\/\/www.mbconsulting.al\/it\/wp-json\/wp\/v2\/types\/page"}],"author":[{"embeddable":true,"href":"https:\/\/www.mbconsulting.al\/it\/wp-json\/wp\/v2\/users\/2"}],"replies":[{"embeddable":true,"href":"https:\/\/www.mbconsulting.al\/it\/wp-json\/wp\/v2\/comments?post=1917"}],"version-history":[{"count":0,"href":"https:\/\/www.mbconsulting.al\/it\/wp-json\/wp\/v2\/pages\/1917\/revisions"}],"up":[{"embeddable":true,"href":"https:\/\/www.mbconsulting.al\/it\/wp-json\/wp\/v2\/pages\/1905"}],"wp:attachment":[{"href":"https:\/\/www.mbconsulting.al\/it\/wp-json\/wp\/v2\/media?parent=1917"}],"curies":[{"name":"wp","href":"https:\/\/api.w.org\/{rel}","templated":true}]}}