{"id":1905,"date":"2014-09-16T17:16:58","date_gmt":"2014-09-16T15:16:58","guid":{"rendered":"https:\/\/www.mbconsulting.al\/?page_id=1905"},"modified":"2014-10-27T15:52:17","modified_gmt":"2014-10-27T14:52:17","slug":"studio-commercialista-in-albania","status":"publish","type":"page","link":"https:\/\/www.mbconsulting.al\/it\/studio-commercialista-in-albania\/","title":{"rendered":"Studio commercialista in Albania"},"content":{"rendered":"<p><a href=\"https:\/\/www.mbconsulting.al\/wp-content\/uploads\/2011\/10\/about-us.jpg\"><img fetchpriority=\"high\" decoding=\"async\" class=\"aligncenter wp-image-1875 size-full\" src=\"https:\/\/www.mbconsulting.al\/wp-content\/uploads\/2011\/10\/about-us.jpg\" alt=\"commercialista in Albania\" width=\"700\" height=\"200\" srcset=\"https:\/\/www.mbconsulting.al\/wp-content\/uploads\/2011\/10\/about-us.jpg 700w, https:\/\/www.mbconsulting.al\/wp-content\/uploads\/2011\/10\/about-us-300x85.jpg 300w\" sizes=\"(max-width: 700px) 100vw, 700px\" \/><\/a><\/p>\n<p>MB consulting \u00e8 un studio commercialista in Albania il quale con tutti i suoi collaboratori \u00e8 in grado di offrire una vasta gamma di servizi. I nostri servizi sono studiati ad hoc in base alle esigenze di ogni singolo Cliente e consegnati con qualit\u00e0 e esperienza. Offrendo un servizio continuativo, riteniamo che ci permetta di raggiungere il nostro obiettivo primario ovvero offrire una consulenza ottimale e soluzioni efficaci.<\/p>\n<p>Il nostro obiettivo \u00e8 di mettere i Clienti in condizione di fare solo il proprio lavoro e al meglio, demandandoci le incombenze amministrative e contabili. Riteniamo di essere un partner affidabile per quanto riguarda la tenuta della contabilit\u00e0, l\u2019assistenza contabile e, pi\u00f9 in generale, per lo svolgimento di tutte le attivit\u00e0 amministrative.<\/p>\n<p>La MB Consulting \u00e8 un studio commercialista in Albania che ha la struttura necessaria per offrire un servizio di alta qualit\u00e0 professionale. Tempestivit\u00e0, cortesia, efficienza, dinamicit\u00e0 e flessibilit\u00e0 sono tutti elementi di successo che caratterizzano lo Studio. I valori che guidano lo Studio nella gestione dei rapporti con i Clienti sono rivolti a instaurare fin dall&#8217;inizio un rapporto chiaro e trasparente con il Cliente, volto al soddisfacimento delle specifiche esigenze e alla prestazione di un servizio tempestivo ed efficiente.<\/p>\n<p>Lo scopo del nostro servizio \u00e8 quello di garantire ai Clienti, nel rispetto delle leggi vigenti, un servizio ad ampio spettro, nell\u2019ambito della progettazione, della selezione e gestione di iniziative imprenditoriali che contribuiscano allo sviluppo di impresa.<\/p>\n<p>Lo Studio Commercialista in Albania offre consulenza professionale ed assistenza ad aziende, enti e soggetti privati, avendo cura di rispondere ad ogni esigenza con estrema chiarezza ed efficienza. Professionisti del settore sono a disposizione della Clientela per servizi di consulenza amministrativa, fiscale e tributaria.<\/p>\n<p>La lunga esperienza nel settore e la collaudata affidabilit\u00e0 hanno permesso allo studio di essere un partner solido per ditte e professionisti di qualsiasi settore lavorativo.<\/p>\n<p>Noi dello Studio Commercialista in Albania proponiamo innumerevoli soluzioni riguardanti qualsiasi problematica di aspetto commerciale e fiscale. L&#8217;obiettivo del nostro studio \u00e8 sempre stato quello di offrire ai Clienti seriet\u00e0 e professionalit\u00e0, in modo da aiutarli a risolvere le loro problematiche riguardanti il settore.<\/p>\n<p>Amiamo essere a fianco dei nostri Clienti nella soluzione dei loro problemi e ne semplifichiamo le complessit\u00e0 di gestione per consentire loro di concentrare tempo ed energie sullo sviluppo della loro attivit\u00e0 imprenditoriale.<\/p>\n<p>La consulenza \u00e8 la nostra arte ed aiutarvi il nostro mestiere, rendervi contenti il nostro obiettivo. Lo studio MB Consulting \u00e8 il tuo commercialista in Albania<\/p>\n","protected":false},"excerpt":{"rendered":"","protected":false},"author":2,"featured_media":0,"parent":0,"menu_order":0,"comment_status":"closed","ping_status":"closed","template":"","meta":{"_custom_body_class":"","_custom_post_class":"","_monsterinsights_skip_tracking":false,"_monsterinsights_sitenote_active":false,"_monsterinsights_sitenote_note":"","_monsterinsights_sitenote_category":0,"footnotes":""},"class_list":["post-1905","page","type-page","status-publish","hentry"],"yoast_head":"<!-- This site is optimized with the Yoast SEO plugin v27.1.1 - https:\/\/yoast.com\/product\/yoast-seo-wordpress\/ -->\n<title>Studio commercialista in Albania - MB Consulting<\/title>\n<meta name=\"description\" content=\"Commercialista in Albania. Lo Studio di Commercialisti MB Consulting offre servizi costituzione societa, consulenza fiscale, consulenza lavoro, contabilita, in Albania.\" \/>\n<meta name=\"robots\" content=\"index, follow, max-snippet:-1, max-image-preview:large, max-video-preview:-1\" \/>\n<link rel=\"canonical\" href=\"https:\/\/www.mbconsulting.al\/it\/studio-commercialista-in-albania\/\" \/>\n<meta property=\"og:locale\" content=\"it_IT\" \/>\n<meta property=\"og:type\" content=\"article\" \/>\n<meta property=\"og:title\" content=\"Studio commercialista in Albania - MB Consulting\" \/>\n<meta property=\"og:description\" content=\"Commercialista in Albania. Lo Studio di Commercialisti MB Consulting offre servizi costituzione societa, consulenza fiscale, consulenza lavoro, contabilita, in Albania.\" \/>\n<meta property=\"og:url\" content=\"https:\/\/www.mbconsulting.al\/it\/studio-commercialista-in-albania\/\" \/>\n<meta property=\"og:site_name\" content=\"MB Consulting Studio Commercialista in Albania\" \/>\n<meta property=\"article:modified_time\" content=\"2014-10-27T14:52:17+00:00\" \/>\n<meta property=\"og:image\" content=\"https:\/\/www.mbconsulting.al\/wp-content\/uploads\/2011\/10\/about-us.jpg\" \/>\n<meta name=\"twitter:label1\" content=\"Tempo di lettura stimato\" \/>\n\t<meta name=\"twitter:data1\" content=\"2 minuti\" \/>\n<script type=\"application\/ld+json\" class=\"yoast-schema-graph\">{\"@context\":\"https:\/\/schema.org\",\"@graph\":[{\"@type\":\"WebPage\",\"@id\":\"https:\/\/www.mbconsulting.al\/it\/studio-commercialista-in-albania\/\",\"url\":\"https:\/\/www.mbconsulting.al\/it\/studio-commercialista-in-albania\/\",\"name\":\"Studio commercialista in Albania - MB Consulting\",\"isPartOf\":{\"@id\":\"https:\/\/www.mbconsulting.al\/it\/#website\"},\"primaryImageOfPage\":{\"@id\":\"https:\/\/www.mbconsulting.al\/it\/studio-commercialista-in-albania\/#primaryimage\"},\"image\":{\"@id\":\"https:\/\/www.mbconsulting.al\/it\/studio-commercialista-in-albania\/#primaryimage\"},\"thumbnailUrl\":\"https:\/\/www.mbconsulting.al\/wp-content\/uploads\/2011\/10\/about-us.jpg\",\"datePublished\":\"2014-09-16T15:16:58+00:00\",\"dateModified\":\"2014-10-27T14:52:17+00:00\",\"description\":\"Commercialista in Albania. Lo Studio di Commercialisti MB Consulting offre servizi costituzione societa, consulenza fiscale, consulenza lavoro, contabilita, in Albania.\",\"breadcrumb\":{\"@id\":\"https:\/\/www.mbconsulting.al\/it\/studio-commercialista-in-albania\/#breadcrumb\"},\"inLanguage\":\"it-IT\",\"potentialAction\":[{\"@type\":\"ReadAction\",\"target\":[\"https:\/\/www.mbconsulting.al\/it\/studio-commercialista-in-albania\/\"]}]},{\"@type\":\"ImageObject\",\"inLanguage\":\"it-IT\",\"@id\":\"https:\/\/www.mbconsulting.al\/it\/studio-commercialista-in-albania\/#primaryimage\",\"url\":\"https:\/\/www.mbconsulting.al\/wp-content\/uploads\/2011\/10\/about-us.jpg\",\"contentUrl\":\"https:\/\/www.mbconsulting.al\/wp-content\/uploads\/2011\/10\/about-us.jpg\"},{\"@type\":\"BreadcrumbList\",\"@id\":\"https:\/\/www.mbconsulting.al\/it\/studio-commercialista-in-albania\/#breadcrumb\",\"itemListElement\":[{\"@type\":\"ListItem\",\"position\":1,\"name\":\"Home\",\"item\":\"https:\/\/www.mbconsulting.al\/it\/\"},{\"@type\":\"ListItem\",\"position\":2,\"name\":\"Studio commercialista in Albania\"}]},{\"@type\":\"WebSite\",\"@id\":\"https:\/\/www.mbconsulting.al\/it\/#website\",\"url\":\"https:\/\/www.mbconsulting.al\/it\/\",\"name\":\"MB Consulting Studio Commercialista in Albania\",\"description\":\"Accounting firm Albania, accountants in Albania, company formation Albania, accountant Tirana, accounting Tirana, new company registration Albania, open new business Albania, tax Albania, property valuation Albania\",\"potentialAction\":[{\"@type\":\"SearchAction\",\"target\":{\"@type\":\"EntryPoint\",\"urlTemplate\":\"https:\/\/www.mbconsulting.al\/it\/?s={search_term_string}\"},\"query-input\":{\"@type\":\"PropertyValueSpecification\",\"valueRequired\":true,\"valueName\":\"search_term_string\"}}],\"inLanguage\":\"it-IT\"}]}<\/script>\n<!-- \/ Yoast SEO plugin. -->","yoast_head_json":{"title":"Studio commercialista in Albania - MB Consulting","description":"Commercialista in Albania. Lo Studio di Commercialisti MB Consulting offre servizi costituzione societa, consulenza fiscale, consulenza lavoro, contabilita, in Albania.","robots":{"index":"index","follow":"follow","max-snippet":"max-snippet:-1","max-image-preview":"max-image-preview:large","max-video-preview":"max-video-preview:-1"},"canonical":"https:\/\/www.mbconsulting.al\/it\/studio-commercialista-in-albania\/","og_locale":"it_IT","og_type":"article","og_title":"Studio commercialista in Albania - MB Consulting","og_description":"Commercialista in Albania. Lo Studio di Commercialisti MB Consulting offre servizi costituzione societa, consulenza fiscale, consulenza lavoro, contabilita, in Albania.","og_url":"https:\/\/www.mbconsulting.al\/it\/studio-commercialista-in-albania\/","og_site_name":"MB Consulting Studio Commercialista in Albania","article_modified_time":"2014-10-27T14:52:17+00:00","og_image":[{"url":"https:\/\/www.mbconsulting.al\/wp-content\/uploads\/2011\/10\/about-us.jpg","type":"","width":"","height":""}],"twitter_misc":{"Tempo di lettura stimato":"2 minuti"},"schema":{"@context":"https:\/\/schema.org","@graph":[{"@type":"WebPage","@id":"https:\/\/www.mbconsulting.al\/it\/studio-commercialista-in-albania\/","url":"https:\/\/www.mbconsulting.al\/it\/studio-commercialista-in-albania\/","name":"Studio commercialista in Albania - MB Consulting","isPartOf":{"@id":"https:\/\/www.mbconsulting.al\/it\/#website"},"primaryImageOfPage":{"@id":"https:\/\/www.mbconsulting.al\/it\/studio-commercialista-in-albania\/#primaryimage"},"image":{"@id":"https:\/\/www.mbconsulting.al\/it\/studio-commercialista-in-albania\/#primaryimage"},"thumbnailUrl":"https:\/\/www.mbconsulting.al\/wp-content\/uploads\/2011\/10\/about-us.jpg","datePublished":"2014-09-16T15:16:58+00:00","dateModified":"2014-10-27T14:52:17+00:00","description":"Commercialista in Albania. Lo Studio di Commercialisti MB Consulting offre servizi costituzione societa, consulenza fiscale, consulenza lavoro, contabilita, in Albania.","breadcrumb":{"@id":"https:\/\/www.mbconsulting.al\/it\/studio-commercialista-in-albania\/#breadcrumb"},"inLanguage":"it-IT","potentialAction":[{"@type":"ReadAction","target":["https:\/\/www.mbconsulting.al\/it\/studio-commercialista-in-albania\/"]}]},{"@type":"ImageObject","inLanguage":"it-IT","@id":"https:\/\/www.mbconsulting.al\/it\/studio-commercialista-in-albania\/#primaryimage","url":"https:\/\/www.mbconsulting.al\/wp-content\/uploads\/2011\/10\/about-us.jpg","contentUrl":"https:\/\/www.mbconsulting.al\/wp-content\/uploads\/2011\/10\/about-us.jpg"},{"@type":"BreadcrumbList","@id":"https:\/\/www.mbconsulting.al\/it\/studio-commercialista-in-albania\/#breadcrumb","itemListElement":[{"@type":"ListItem","position":1,"name":"Home","item":"https:\/\/www.mbconsulting.al\/it\/"},{"@type":"ListItem","position":2,"name":"Studio commercialista in Albania"}]},{"@type":"WebSite","@id":"https:\/\/www.mbconsulting.al\/it\/#website","url":"https:\/\/www.mbconsulting.al\/it\/","name":"MB Consulting Studio Commercialista in Albania","description":"Accounting firm Albania, accountants in Albania, company formation Albania, accountant Tirana, accounting Tirana, new company registration Albania, open new business Albania, tax Albania, property valuation Albania","potentialAction":[{"@type":"SearchAction","target":{"@type":"EntryPoint","urlTemplate":"https:\/\/www.mbconsulting.al\/it\/?s={search_term_string}"},"query-input":{"@type":"PropertyValueSpecification","valueRequired":true,"valueName":"search_term_string"}}],"inLanguage":"it-IT"}]}},"_links":{"self":[{"href":"https:\/\/www.mbconsulting.al\/it\/wp-json\/wp\/v2\/pages\/1905","targetHints":{"allow":["GET"]}}],"collection":[{"href":"https:\/\/www.mbconsulting.al\/it\/wp-json\/wp\/v2\/pages"}],"about":[{"href":"https:\/\/www.mbconsulting.al\/it\/wp-json\/wp\/v2\/types\/page"}],"author":[{"embeddable":true,"href":"https:\/\/www.mbconsulting.al\/it\/wp-json\/wp\/v2\/users\/2"}],"replies":[{"embeddable":true,"href":"https:\/\/www.mbconsulting.al\/it\/wp-json\/wp\/v2\/comments?post=1905"}],"version-history":[{"count":0,"href":"https:\/\/www.mbconsulting.al\/it\/wp-json\/wp\/v2\/pages\/1905\/revisions"}],"wp:attachment":[{"href":"https:\/\/www.mbconsulting.al\/it\/wp-json\/wp\/v2\/media?parent=1905"}],"curies":[{"name":"wp","href":"https:\/\/api.w.org\/{rel}","templated":true}]}}